{"id":1548,"date":"2018-06-18T17:36:12","date_gmt":"2018-06-18T16:36:12","guid":{"rendered":"https:\/\/www.4lean.net\/pt\/?page_id=1548"},"modified":"2018-06-19T13:32:48","modified_gmt":"2018-06-19T12:32:48","slug":"politica-protecao-dados","status":"publish","type":"page","link":"https:\/\/www.4lean.net\/pt\/politica-protecao-dados\/","title":{"rendered":"Pol\u00edtica de prote\u00e7\u00e3o de dados"},"content":{"rendered":"<div class=\"fusion-fullwidth fullwidth-box fusion-builder-row-1 nonhundred-percent-fullwidth non-hundred-percent-height-scrolling\"  style='background-color: rgba(255,255,255,0);background-position: left top;background-repeat: no-repeat;padding-right:0px;padding-left:0px;border-top-width:0px;border-bottom-width:0px;border-color:#eae9e9;border-top-style:solid;border-bottom-style:solid;'><div class=\"fusion-builder-row fusion-row \"><div  class=\"fusion-layout-column fusion_builder_column fusion_builder_column_1_1 fusion-builder-column-1 fusion-one-full fusion-column-first fusion-column-last fusion-column-no-min-height 1_1\"  style='margin-top:0px;margin-bottom:0px;'>\n\t\t\t\t\t<div class=\"fusion-column-wrapper\" style=\"background-position:left top;background-repeat:no-repeat;-webkit-background-size:cover;-moz-background-size:cover;-o-background-size:cover;background-size:cover;\"   data-bg-url=\"\">\n\t\t\t\t\t\t<div class=\"fusion-sep-clear\"><\/div><div class=\"fusion-separator fusion-full-width-sep sep-single sep-solid\" style=\"border-color:#ff0000;border-top-width:5px;margin-left: auto;margin-right: auto;margin-top:;\"><\/div><div class=\"fusion-clearfix\"><\/div>\n\n\t\t\t\t\t<\/div>\n\t\t\t\t<\/div><div  class=\"fusion-layout-column fusion_builder_column fusion_builder_column_1_1 fusion-builder-column-2 fusion-one-full fusion-column-first fusion-column-last green-border rounded-border 1_1\"  style='margin-top:0px;margin-bottom:20px;'>\n\t\t\t\t\t<div class=\"fusion-column-wrapper\" style=\"background-color:#ffffff;border:1px solid #e2e2e2;padding: 60px 60px 50px 60px;background-position:left top;background-repeat:no-repeat;-webkit-background-size:cover;-moz-background-size:cover;-o-background-size:cover;background-size:cover;\"   data-bg-url=\"\">\n\t\t\t\t\t\t<div class=\"fusion-text\"><h3>Pol\u00edtica de prote\u00e7\u00e3o de dados<\/h3>\n<h4>Finalidades do tratamento dos dados \/ Fundamentos legais:<\/h4>\n<p>Ao disponibilizar os seus dados pessoais \u00e0 4lean, o Cliente reconhece e d\u00e1 o seu consentimento para que os mesmos sejam processados de acordo com esta Politica de Prote\u00e7\u00e3o Dados. Quando entrar em contacto connosco por e-mail ou atrav\u00e9s de um formul\u00e1rio de contacto, as informa\u00e7\u00f5es fornecidas por si (o seu endere\u00e7o de e-mail, o seu nome, se aplic\u00e1vel) ser\u00e3o armazenadas por n\u00f3s para responder \u00e0s suas perguntas e utilizamos o seu endere\u00e7o de correio eletr\u00f3nico para o envio de informa\u00e7\u00f5es sobre forma\u00e7\u00f5es e eventos ou novidades.<\/p>\n<p>A base legal para o tratamento dos dados \u00e9 o Artigo 6\u00ba, n.\u00ba 1, al\u00ednea f) do RGPD<\/p>\n<h4>Direitos do Cliente:<\/h4>\n<p>Direito de acesso, correc\u00e7\u00e3o, oposi\u00e7\u00e3o e elimina\u00e7\u00e3o dos dados pessoais. Nos termos da legisla\u00e7\u00e3o aplic\u00e1vel, \u00e9 garantido ao Cliente o direito de acesso aos dados que lhe digam diretamente respeito, podendo solicitar a sua corre\u00e7\u00e3o ou elimina\u00e7\u00e3o, contactando para o efeito o e-mail geral 4lean@4lean.net. Pode ainda revogar em qualquer altura o consentimento de envio da newsletter com efeitos futuros, a hiperliga\u00e7\u00e3o para a p\u00e1gina de anula\u00e7\u00e3o da subscri\u00e7\u00e3o encontra-se no final de cada newsletter. A revoga\u00e7\u00e3o conduz \u00e0 elimina\u00e7\u00e3o dos dados de utilizador recolhidos.<\/p>\n<h4>Destinat\u00e1rios \/ Categorias de destinat\u00e1rios:<\/h4>\n<p>Se recorrermos a processadores externos contratados para o envio da newsletter, estes estar\u00e3o contratualmente vinculados ao Artigo 28\u00ba do RGPD. Exclu\u00edmos por princ\u00edpio a possibilidade de uma transmiss\u00e3o mais abrangente a terceiros. A base legal para o tratamento dos dados \u00e9 o Artigo 6\u00ba, n.\u00ba 1, al\u00ednea f) do RGPD.<\/p>\n<\/div><div class=\"fusion-sep-clear\"><\/div><div class=\"fusion-separator fusion-full-width-sep sep-none\" style=\"margin-left: auto;margin-right: auto;margin-top:20px;\"><\/div><div class=\"fusion-clearfix\"><\/div>\n\n\t\t\t\t\t<\/div>\n\t\t\t\t<\/div><\/div><\/div>\n","protected":false},"excerpt":{"rendered":"","protected":false},"author":2,"featured_media":0,"parent":0,"menu_order":0,"comment_status":"closed","ping_status":"closed","template":"","meta":[],"yoast_head":"<!-- This site is optimized with the Yoast SEO plugin v20.2 - https:\/\/yoast.com\/wordpress\/plugins\/seo\/ -->\n<title>Pol\u00edtica de prote\u00e7\u00e3o de dados - 4 Lean _pt<\/title>\n<meta name=\"robots\" content=\"index, follow, max-snippet:-1, max-image-preview:large, max-video-preview:-1\" \/>\n<link rel=\"canonical\" href=\"https:\/\/www.4lean.net\/pt\/politica-protecao-dados\/\" \/>\n<meta property=\"og:locale\" content=\"pt_PT\" \/>\n<meta property=\"og:type\" content=\"article\" \/>\n<meta property=\"og:title\" content=\"Pol\u00edtica de prote\u00e7\u00e3o de dados - 4 Lean _pt\" \/>\n<meta property=\"og:url\" content=\"https:\/\/www.4lean.net\/pt\/politica-protecao-dados\/\" \/>\n<meta property=\"og:site_name\" content=\"4 Lean _pt\" \/>\n<meta property=\"article:modified_time\" content=\"2018-06-19T12:32:48+00:00\" \/>\n<meta name=\"twitter:card\" content=\"summary_large_image\" \/>\n<meta name=\"twitter:label1\" content=\"Tempo estimado de leitura\" \/>\n\t<meta name=\"twitter:data1\" content=\"3 minutos\" \/>\n<script type=\"application\/ld+json\" class=\"yoast-schema-graph\">{\"@context\":\"https:\/\/schema.org\",\"@graph\":[{\"@type\":\"WebPage\",\"@id\":\"https:\/\/www.4lean.net\/pt\/politica-protecao-dados\/\",\"url\":\"https:\/\/www.4lean.net\/pt\/politica-protecao-dados\/\",\"name\":\"Pol\u00edtica de prote\u00e7\u00e3o de dados - 4 Lean _pt\",\"isPartOf\":{\"@id\":\"https:\/\/www.4lean.net\/pt\/#website\"},\"datePublished\":\"2018-06-18T16:36:12+00:00\",\"dateModified\":\"2018-06-19T12:32:48+00:00\",\"breadcrumb\":{\"@id\":\"https:\/\/www.4lean.net\/pt\/politica-protecao-dados\/#breadcrumb\"},\"inLanguage\":\"pt-PT\",\"potentialAction\":[{\"@type\":\"ReadAction\",\"target\":[\"https:\/\/www.4lean.net\/pt\/politica-protecao-dados\/\"]}]},{\"@type\":\"BreadcrumbList\",\"@id\":\"https:\/\/www.4lean.net\/pt\/politica-protecao-dados\/#breadcrumb\",\"itemListElement\":[{\"@type\":\"ListItem\",\"position\":1,\"name\":\"Home\",\"item\":\"https:\/\/www.4lean.net\/pt\/\"},{\"@type\":\"ListItem\",\"position\":2,\"name\":\"Pol\u00edtica de prote\u00e7\u00e3o de dados\"}]},{\"@type\":\"WebSite\",\"@id\":\"https:\/\/www.4lean.net\/pt\/#website\",\"url\":\"https:\/\/www.4lean.net\/pt\/\",\"name\":\"4 Lean _pt\",\"description\":\"Lean Solutions\",\"potentialAction\":[{\"@type\":\"SearchAction\",\"target\":{\"@type\":\"EntryPoint\",\"urlTemplate\":\"https:\/\/www.4lean.net\/pt\/?s={search_term_string}\"},\"query-input\":\"required name=search_term_string\"}],\"inLanguage\":\"pt-PT\"}]}<\/script>\n<!-- \/ Yoast SEO plugin. -->","yoast_head_json":{"title":"Pol\u00edtica de prote\u00e7\u00e3o de dados - 4 Lean _pt","robots":{"index":"index","follow":"follow","max-snippet":"max-snippet:-1","max-image-preview":"max-image-preview:large","max-video-preview":"max-video-preview:-1"},"canonical":"https:\/\/www.4lean.net\/pt\/politica-protecao-dados\/","og_locale":"pt_PT","og_type":"article","og_title":"Pol\u00edtica de prote\u00e7\u00e3o de dados - 4 Lean _pt","og_url":"https:\/\/www.4lean.net\/pt\/politica-protecao-dados\/","og_site_name":"4 Lean _pt","article_modified_time":"2018-06-19T12:32:48+00:00","twitter_card":"summary_large_image","twitter_misc":{"Tempo estimado de leitura":"3 minutos"},"schema":{"@context":"https:\/\/schema.org","@graph":[{"@type":"WebPage","@id":"https:\/\/www.4lean.net\/pt\/politica-protecao-dados\/","url":"https:\/\/www.4lean.net\/pt\/politica-protecao-dados\/","name":"Pol\u00edtica de prote\u00e7\u00e3o de dados - 4 Lean _pt","isPartOf":{"@id":"https:\/\/www.4lean.net\/pt\/#website"},"datePublished":"2018-06-18T16:36:12+00:00","dateModified":"2018-06-19T12:32:48+00:00","breadcrumb":{"@id":"https:\/\/www.4lean.net\/pt\/politica-protecao-dados\/#breadcrumb"},"inLanguage":"pt-PT","potentialAction":[{"@type":"ReadAction","target":["https:\/\/www.4lean.net\/pt\/politica-protecao-dados\/"]}]},{"@type":"BreadcrumbList","@id":"https:\/\/www.4lean.net\/pt\/politica-protecao-dados\/#breadcrumb","itemListElement":[{"@type":"ListItem","position":1,"name":"Home","item":"https:\/\/www.4lean.net\/pt\/"},{"@type":"ListItem","position":2,"name":"Pol\u00edtica de prote\u00e7\u00e3o de dados"}]},{"@type":"WebSite","@id":"https:\/\/www.4lean.net\/pt\/#website","url":"https:\/\/www.4lean.net\/pt\/","name":"4 Lean _pt","description":"Lean Solutions","potentialAction":[{"@type":"SearchAction","target":{"@type":"EntryPoint","urlTemplate":"https:\/\/www.4lean.net\/pt\/?s={search_term_string}"},"query-input":"required name=search_term_string"}],"inLanguage":"pt-PT"}]}},"_links":{"self":[{"href":"https:\/\/www.4lean.net\/pt\/wp-json\/wp\/v2\/pages\/1548"}],"collection":[{"href":"https:\/\/www.4lean.net\/pt\/wp-json\/wp\/v2\/pages"}],"about":[{"href":"https:\/\/www.4lean.net\/pt\/wp-json\/wp\/v2\/types\/page"}],"author":[{"embeddable":true,"href":"https:\/\/www.4lean.net\/pt\/wp-json\/wp\/v2\/users\/2"}],"replies":[{"embeddable":true,"href":"https:\/\/www.4lean.net\/pt\/wp-json\/wp\/v2\/comments?post=1548"}],"version-history":[{"count":5,"href":"https:\/\/www.4lean.net\/pt\/wp-json\/wp\/v2\/pages\/1548\/revisions"}],"predecessor-version":[{"id":1554,"href":"https:\/\/www.4lean.net\/pt\/wp-json\/wp\/v2\/pages\/1548\/revisions\/1554"}],"wp:attachment":[{"href":"https:\/\/www.4lean.net\/pt\/wp-json\/wp\/v2\/media?parent=1548"}],"curies":[{"name":"wp","href":"https:\/\/api.w.org\/{rel}","templated":true}]}}