{"id":1083,"date":"2017-02-24T12:30:10","date_gmt":"2017-02-24T12:30:10","guid":{"rendered":"http:\/\/www.growingassociates.com\/4LEAN\/pt\/?page_id=1083"},"modified":"2017-05-10T01:06:14","modified_gmt":"2017-05-10T00:06:14","slug":"company-4lean-3","status":"publish","type":"page","link":"https:\/\/www.4lean.net\/pt\/company-4lean-3\/","title":{"rendered":"Company-old"},"content":{"rendered":"<div class=\"fusion-fullwidth fullwidth-box fusion-builder-row-1 nonhundred-percent-fullwidth non-hundred-percent-height-scrolling\"  style='background-color: rgba(255,255,255,0);background-position: left top;background-repeat: no-repeat;padding-right:0px;padding-left:0px;border-top-width:0px;border-bottom-width:0px;border-color:#eae9e9;border-top-style:solid;border-bottom-style:solid;'><div class=\"fusion-builder-row fusion-row \"><div  class=\"fusion-layout-column fusion_builder_column fusion_builder_column_1_1 fusion-builder-column-1 fusion-one-full fusion-column-first fusion-column-last fusion-column-no-min-height 1_1\"  style='margin-top:0px;margin-bottom:0px;'>\n\t\t\t\t\t<div class=\"fusion-column-wrapper\" style=\"background-position:left top;background-repeat:no-repeat;-webkit-background-size:cover;-moz-background-size:cover;-o-background-size:cover;background-size:cover;\"   data-bg-url=\"\">\n\t\t\t\t\t\t<div class=\"fusion-sep-clear\"><\/div><div class=\"fusion-separator fusion-full-width-sep sep-single sep-solid\" style=\"border-color:#ff0000;border-top-width:5px;margin-left: auto;margin-right: auto;margin-top:;\"><\/div><div class=\"fusion-clearfix\"><\/div>\n\n\t\t\t\t\t<\/div>\n\t\t\t\t<\/div><div  class=\"fusion-layout-column fusion_builder_column fusion_builder_column_1_1 fusion-builder-column-2 fusion-one-full fusion-column-first fusion-column-last green-border rounded-border 1_1\"  style='margin-top:0px;margin-bottom:20px;'>\n\t\t\t\t\t<div class=\"fusion-column-wrapper\" style=\"background-color:#ffffff;border:1px solid #e2e2e2;padding: 60px 60px 50px 60px;background-position:left top;background-repeat:no-repeat;-webkit-background-size:cover;-moz-background-size:cover;-o-background-size:cover;background-size:cover;\"   data-bg-url=\"\">\n\t\t\t\t\t\t<div class=\"fusion-text\"><h3 style=\"text-align: left; margin-top: 0px;\">4 Lean<\/h3>\n<p style=\"text-align: left;\">4Lean \u00e9 uma empresa que se dedica \u00e0 cria\u00e7\u00e3o e implementa\u00e7\u00e3o de solu\u00e7\u00f5es Lean, nas \u00e1reas de postos de trabalho, comboios log\u00edsticos, supermercados, armaz\u00e9ns, log\u00edstica externa e gest\u00e3o Lean.<\/p>\n<p style=\"text-align: left;\">Dentro do seu cat\u00e1logo de produtos tem v\u00e1rias fam\u00edlias de produtos como o manuseamento de materiais, gest\u00e3o visual, simula\u00e7\u00f5es Lean e workshops.<br \/>\nOs sistemas de manuseamento de materiais s\u00e3o flex\u00edveis e reutiliz\u00e1veis, e t\u00eam um vasto n\u00famero de aplica\u00e7\u00f5es, como carrinhos, bordos de linha e supermercados. S\u00e3o f\u00e1ceis de montar e podem ser personalizados de acordo com as necessidades do cliente, possibilitando o aumento de produtividade e ergonomia no ch\u00e3o de f\u00e1brica, cujos limites de aplica\u00e7\u00e3o s\u00e3o a sua criatividade.<\/p>\n<p style=\"text-align: left;\">A gest\u00e3o visual permite uma melhor organiza\u00e7\u00e3o e m\u00e9todo, de uma forma gr\u00e1fica e intuitiva.<\/p>\n<p style=\"text-align: left;\">A 4Lean desenvolve tamb\u00e9m simula\u00e7\u00f5es Lean, \u00e0 medida das necessidades de cada cliente, com a finalidade de formar e treinar os seus colaboradores.<\/p>\n<p style=\"text-align: left;\">Os Workshops 4Lean s\u00e3o realizados para auxiliar os clientes 4Lean a compreender os conceitos Lean e os sistemas 4Lean.<\/p>\n<p style=\"text-align: left;\"><img decoding=\"async\" loading=\"lazy\" class=\"aligncenter wp-image-1020 size-full\" title=\"4Lean\" src=\"https:\/\/www.4lean.net\/wp-content\/uploads\/2015\/02\/4Lean_Storage-2.jpg\" alt=\"4Lean _Storage\" width=\"1200\" height=\"372\" \/><\/p>\n<\/div><div class=\"fusion-sep-clear\"><\/div><div class=\"fusion-separator fusion-full-width-sep sep-none\" style=\"margin-left: auto;margin-right: auto;margin-top:20px;\"><\/div><div class=\"fusion-clearfix\"><\/div>\n\n\t\t\t\t\t<\/div>\n\t\t\t\t<\/div><\/div><\/div>\n","protected":false},"excerpt":{"rendered":"","protected":false},"author":1,"featured_media":0,"parent":0,"menu_order":0,"comment_status":"closed","ping_status":"closed","template":"","meta":[],"yoast_head":"<!-- This site is optimized with the Yoast SEO plugin v20.2 - https:\/\/yoast.com\/wordpress\/plugins\/seo\/ -->\n<title>4 Lean Empresa - Solu\u00e7\u00f5es Lean - www.4lean.net<\/title>\n<meta name=\"description\" content=\"4Lean \u00e9 uma empresa que se dedica \u00e0 cria\u00e7\u00e3o e implementa\u00e7\u00e3o de solu\u00e7\u00f5es Lean, nas \u00e1reas: postos de trabalho, comboios log\u00edsticos, supermercados, armaz\u00e9ns...\" \/>\n<meta name=\"robots\" content=\"index, follow, max-snippet:-1, max-image-preview:large, max-video-preview:-1\" \/>\n<link rel=\"canonical\" href=\"https:\/\/www.4lean.net\/pt\/company-4lean-3\/\" \/>\n<meta property=\"og:locale\" content=\"pt_PT\" \/>\n<meta property=\"og:type\" content=\"article\" \/>\n<meta property=\"og:title\" content=\"4 Lean Empresa - Solu\u00e7\u00f5es Lean - www.4lean.net\" \/>\n<meta property=\"og:description\" content=\"4Lean \u00e9 uma empresa que se dedica \u00e0 cria\u00e7\u00e3o e implementa\u00e7\u00e3o de solu\u00e7\u00f5es Lean, nas \u00e1reas: postos de trabalho, comboios log\u00edsticos, supermercados, armaz\u00e9ns...\" \/>\n<meta property=\"og:url\" content=\"https:\/\/www.4lean.net\/pt\/company-4lean-3\/\" \/>\n<meta property=\"og:site_name\" content=\"4 Lean _pt\" \/>\n<meta property=\"article:modified_time\" content=\"2017-05-10T00:06:14+00:00\" \/>\n<meta property=\"og:image\" content=\"https:\/\/www.4lean.net\/wp-content\/uploads\/2015\/02\/4Lean_Storage-2.jpg\" \/>\n<meta name=\"twitter:card\" content=\"summary_large_image\" \/>\n<meta name=\"twitter:label1\" content=\"Tempo estimado de leitura\" \/>\n\t<meta name=\"twitter:data1\" content=\"2 minutos\" \/>\n<script type=\"application\/ld+json\" class=\"yoast-schema-graph\">{\"@context\":\"https:\/\/schema.org\",\"@graph\":[{\"@type\":\"WebPage\",\"@id\":\"https:\/\/www.4lean.net\/pt\/company-4lean-3\/\",\"url\":\"https:\/\/www.4lean.net\/pt\/company-4lean-3\/\",\"name\":\"4 Lean Empresa - Solu\u00e7\u00f5es Lean - www.4lean.net\",\"isPartOf\":{\"@id\":\"https:\/\/www.4lean.net\/pt\/#website\"},\"datePublished\":\"2017-02-24T12:30:10+00:00\",\"dateModified\":\"2017-05-10T00:06:14+00:00\",\"description\":\"4Lean \u00e9 uma empresa que se dedica \u00e0 cria\u00e7\u00e3o e implementa\u00e7\u00e3o de solu\u00e7\u00f5es Lean, nas \u00e1reas: postos de trabalho, comboios log\u00edsticos, supermercados, armaz\u00e9ns...\",\"breadcrumb\":{\"@id\":\"https:\/\/www.4lean.net\/pt\/company-4lean-3\/#breadcrumb\"},\"inLanguage\":\"pt-PT\",\"potentialAction\":[{\"@type\":\"ReadAction\",\"target\":[\"https:\/\/www.4lean.net\/pt\/company-4lean-3\/\"]}]},{\"@type\":\"BreadcrumbList\",\"@id\":\"https:\/\/www.4lean.net\/pt\/company-4lean-3\/#breadcrumb\",\"itemListElement\":[{\"@type\":\"ListItem\",\"position\":1,\"name\":\"Home\",\"item\":\"https:\/\/www.4lean.net\/pt\/\"},{\"@type\":\"ListItem\",\"position\":2,\"name\":\"Company-old\"}]},{\"@type\":\"WebSite\",\"@id\":\"https:\/\/www.4lean.net\/pt\/#website\",\"url\":\"https:\/\/www.4lean.net\/pt\/\",\"name\":\"4 Lean _pt\",\"description\":\"Lean Solutions\",\"potentialAction\":[{\"@type\":\"SearchAction\",\"target\":{\"@type\":\"EntryPoint\",\"urlTemplate\":\"https:\/\/www.4lean.net\/pt\/?s={search_term_string}\"},\"query-input\":\"required name=search_term_string\"}],\"inLanguage\":\"pt-PT\"}]}<\/script>\n<!-- \/ Yoast SEO plugin. -->","yoast_head_json":{"title":"4 Lean Empresa - Solu\u00e7\u00f5es Lean - www.4lean.net","description":"4Lean \u00e9 uma empresa que se dedica \u00e0 cria\u00e7\u00e3o e implementa\u00e7\u00e3o de solu\u00e7\u00f5es Lean, nas \u00e1reas: postos de trabalho, comboios log\u00edsticos, supermercados, armaz\u00e9ns...","robots":{"index":"index","follow":"follow","max-snippet":"max-snippet:-1","max-image-preview":"max-image-preview:large","max-video-preview":"max-video-preview:-1"},"canonical":"https:\/\/www.4lean.net\/pt\/company-4lean-3\/","og_locale":"pt_PT","og_type":"article","og_title":"4 Lean Empresa - Solu\u00e7\u00f5es Lean - www.4lean.net","og_description":"4Lean \u00e9 uma empresa que se dedica \u00e0 cria\u00e7\u00e3o e implementa\u00e7\u00e3o de solu\u00e7\u00f5es Lean, nas \u00e1reas: postos de trabalho, comboios log\u00edsticos, supermercados, armaz\u00e9ns...","og_url":"https:\/\/www.4lean.net\/pt\/company-4lean-3\/","og_site_name":"4 Lean _pt","article_modified_time":"2017-05-10T00:06:14+00:00","og_image":[{"url":"https:\/\/www.4lean.net\/wp-content\/uploads\/2015\/02\/4Lean_Storage-2.jpg"}],"twitter_card":"summary_large_image","twitter_misc":{"Tempo estimado de leitura":"2 minutos"},"schema":{"@context":"https:\/\/schema.org","@graph":[{"@type":"WebPage","@id":"https:\/\/www.4lean.net\/pt\/company-4lean-3\/","url":"https:\/\/www.4lean.net\/pt\/company-4lean-3\/","name":"4 Lean Empresa - Solu\u00e7\u00f5es Lean - www.4lean.net","isPartOf":{"@id":"https:\/\/www.4lean.net\/pt\/#website"},"datePublished":"2017-02-24T12:30:10+00:00","dateModified":"2017-05-10T00:06:14+00:00","description":"4Lean \u00e9 uma empresa que se dedica \u00e0 cria\u00e7\u00e3o e implementa\u00e7\u00e3o de solu\u00e7\u00f5es Lean, nas \u00e1reas: postos de trabalho, comboios log\u00edsticos, supermercados, armaz\u00e9ns...","breadcrumb":{"@id":"https:\/\/www.4lean.net\/pt\/company-4lean-3\/#breadcrumb"},"inLanguage":"pt-PT","potentialAction":[{"@type":"ReadAction","target":["https:\/\/www.4lean.net\/pt\/company-4lean-3\/"]}]},{"@type":"BreadcrumbList","@id":"https:\/\/www.4lean.net\/pt\/company-4lean-3\/#breadcrumb","itemListElement":[{"@type":"ListItem","position":1,"name":"Home","item":"https:\/\/www.4lean.net\/pt\/"},{"@type":"ListItem","position":2,"name":"Company-old"}]},{"@type":"WebSite","@id":"https:\/\/www.4lean.net\/pt\/#website","url":"https:\/\/www.4lean.net\/pt\/","name":"4 Lean _pt","description":"Lean Solutions","potentialAction":[{"@type":"SearchAction","target":{"@type":"EntryPoint","urlTemplate":"https:\/\/www.4lean.net\/pt\/?s={search_term_string}"},"query-input":"required name=search_term_string"}],"inLanguage":"pt-PT"}]}},"_links":{"self":[{"href":"https:\/\/www.4lean.net\/pt\/wp-json\/wp\/v2\/pages\/1083"}],"collection":[{"href":"https:\/\/www.4lean.net\/pt\/wp-json\/wp\/v2\/pages"}],"about":[{"href":"https:\/\/www.4lean.net\/pt\/wp-json\/wp\/v2\/types\/page"}],"author":[{"embeddable":true,"href":"https:\/\/www.4lean.net\/pt\/wp-json\/wp\/v2\/users\/1"}],"replies":[{"embeddable":true,"href":"https:\/\/www.4lean.net\/pt\/wp-json\/wp\/v2\/comments?post=1083"}],"version-history":[{"count":10,"href":"https:\/\/www.4lean.net\/pt\/wp-json\/wp\/v2\/pages\/1083\/revisions"}],"predecessor-version":[{"id":1336,"href":"https:\/\/www.4lean.net\/pt\/wp-json\/wp\/v2\/pages\/1083\/revisions\/1336"}],"wp:attachment":[{"href":"https:\/\/www.4lean.net\/pt\/wp-json\/wp\/v2\/media?parent=1083"}],"curies":[{"name":"wp","href":"https:\/\/api.w.org\/{rel}","templated":true}]}}