{"id":1311,"date":"2017-05-10T01:15:54","date_gmt":"2017-05-10T00:15:54","guid":{"rendered":"https:\/\/www.4lean.net\/fr\/?page_id=1311"},"modified":"2023-08-18T19:05:09","modified_gmt":"2023-08-18T18:05:09","slug":"company-4lean-2","status":"publish","type":"page","link":"https:\/\/www.4lean.net\/fr\/company-4lean-2\/","title":{"rendered":"Company"},"content":{"rendered":"<div class=\"fusion-fullwidth fullwidth-box fusion-builder-row-1 nonhundred-percent-fullwidth non-hundred-percent-height-scrolling\"  style='background-color: rgba(255,255,255,0);background-position: left top;background-repeat: no-repeat;padding-right:0px;padding-left:0px;border-top-width:0px;border-bottom-width:0px;border-color:#eae9e9;border-top-style:solid;border-bottom-style:solid;'><div class=\"fusion-builder-row fusion-row \"><div  class=\"fusion-layout-column fusion_builder_column fusion_builder_column_1_1 fusion-builder-column-1 fusion-one-full fusion-column-first fusion-column-last fusion-column-no-min-height 1_1\"  style='margin-top:0px;margin-bottom:0px;'>\n\t\t\t\t\t<div class=\"fusion-column-wrapper\" style=\"padding: 0px 0px 0px 0px;background-position:left top;background-repeat:no-repeat;-webkit-background-size:cover;-moz-background-size:cover;-o-background-size:cover;background-size:cover;\"   data-bg-url=\"\">\n\t\t\t\t\t\t<div class=\"fusion-sep-clear\"><\/div><div class=\"fusion-separator fusion-full-width-sep sep-single sep-solid\" style=\"border-color:#ff0000;border-top-width:5px;margin-left: auto;margin-right: auto;margin-top:;\"><\/div><div class=\"fusion-clearfix\"><\/div>\n\n\t\t\t\t\t<\/div>\n\t\t\t\t<\/div><div  class=\"fusion-layout-column fusion_builder_column fusion_builder_column_1_1 fusion-builder-column-2 fusion-one-full fusion-column-first fusion-column-last green-border rounded-border 1_1\"  style='margin-top:0px;margin-bottom:20px;'>\n\t\t\t\t\t<div class=\"fusion-column-wrapper\" style=\"background-color:#ffffff;border:1px solid #e2e2e2;padding: 60px 60px 50px 60px;background-position:left top;background-repeat:no-repeat;-webkit-background-size:cover;-moz-background-size:cover;-o-background-size:cover;background-size:cover;\"   data-bg-url=\"\">\n\t\t\t\t\t\t<div class=\"fusion-text\"><h3 style=\"text-align: left; margin-top: 0px;\">4 Lean<\/h3>\n<p>4Lean est une soci\u00e9t\u00e9 d\u00e9di\u00e9e \u00e0 la cr\u00e9ation et la mise en \u0153uvre de solutions Lean dans le domaine de l&#8217;emploi, les trains logistique, le rayonnage dynamique, les entrep\u00f4ts, la logistique externe et de la gestion Lean.<\/p>\n<p>Dans son catalogue de produits il existe plusieurs familles de produits tels que la manipulation de mat\u00e9riaux, la gestion visuelle, des simulations et des ateliers Lean.<\/p>\n<p>Les syst\u00e8mes de manipulation \u00a0des mat\u00e9riaux sont flexibles et r\u00e9utilisables, et ont une large gamme d\u00b4applications, telles que les chariots, le rayonnage dynamique et les supermarch\u00e9s. Ils sont faciles \u00e0 assembler et peuvent \u00eatre personnalis\u00e9s selon les besoins du client, permettant une productivit\u00e9 accrue et d&rsquo;ergonomie sur le plancher de l&rsquo;atelier, dont les limites d&rsquo;application sont votre cr\u00e9ativit\u00e9.<\/p>\n<p>Le management visuel permet une meilleure organisation et m\u00e9thode, de mani\u00e8re graphique et intuitive.<\/p>\n<p>Le 4Lean d\u00e9veloppe \u00e9galement des simulations Lean, adapt\u00e9s aux besoins de chaque client, afin d&rsquo;\u00e9duquer et de former leurs employ\u00e9s.<\/p>\n<p>Les Ateliers 4Lean sont men\u00e9es pour aider les clients 4Lean \u00e0 comprendre les notions Lean \u00a0ainsi que les syst\u00e8mes 4Lean.<\/p>\n<p style=\"text-align: left;\"><img decoding=\"async\" loading=\"lazy\" class=\"aligncenter wp-image-1020 size-full\" title=\"4Lean\" src=\"https:\/\/www.4lean.net\/wp-content\/uploads\/2015\/02\/4Lean_Storage-2.jpg\" alt=\"4Lean _Storage\" width=\"1200\" height=\"372\" \/><\/p>\n<\/div><div class=\"fusion-sep-clear\"><\/div><div class=\"fusion-separator fusion-full-width-sep sep-none\" style=\"margin-left: auto;margin-right: auto;margin-top:20px;\"><\/div><div class=\"fusion-video fusion-youtube fusion-aligncenter\" style=\"max-width:600px;max-height:360px; width:100%\"><div class=\"video-shortcode\"><iframe title=\"YouTube video player\" src=\"https:\/\/www.youtube.com\/embed\/QfNMSEf_1kk?wmode=transparent&autoplay=0\" width=\"600\" height=\"360\" allowfullscreen allow=\"autoplay; fullscreen\"><\/iframe><\/div><\/div><div class=\"fusion-clearfix\"><\/div>\n\n\t\t\t\t\t<\/div>\n\t\t\t\t<\/div><\/div><\/div>\n","protected":false},"excerpt":{"rendered":"","protected":false},"author":1,"featured_media":0,"parent":0,"menu_order":0,"comment_status":"closed","ping_status":"closed","template":"","meta":[],"yoast_head":"<!-- This site is optimized with the Yoast SEO plugin v20.2 - https:\/\/yoast.com\/wordpress\/plugins\/seo\/ -->\n<title>Company - 4 Lean _fr<\/title>\n<meta name=\"robots\" content=\"index, follow, max-snippet:-1, max-image-preview:large, max-video-preview:-1\" \/>\n<link rel=\"canonical\" href=\"https:\/\/www.4lean.net\/fr\/company-4lean-2\/\" \/>\n<meta property=\"og:locale\" content=\"fr_FR\" \/>\n<meta property=\"og:type\" content=\"article\" \/>\n<meta property=\"og:title\" content=\"Company - 4 Lean _fr\" \/>\n<meta property=\"og:url\" content=\"https:\/\/www.4lean.net\/fr\/company-4lean-2\/\" \/>\n<meta property=\"og:site_name\" content=\"4 Lean _fr\" \/>\n<meta property=\"article:modified_time\" content=\"2023-08-18T18:05:09+00:00\" \/>\n<meta property=\"og:image\" content=\"https:\/\/www.4lean.net\/wp-content\/uploads\/2015\/02\/4Lean_Storage-2.jpg\" \/>\n<meta name=\"twitter:card\" content=\"summary_large_image\" \/>\n<meta name=\"twitter:label1\" content=\"Dur\u00e9e de lecture estim\u00e9e\" \/>\n\t<meta name=\"twitter:data1\" content=\"2 minutes\" \/>\n<script type=\"application\/ld+json\" class=\"yoast-schema-graph\">{\"@context\":\"https:\/\/schema.org\",\"@graph\":[{\"@type\":\"WebPage\",\"@id\":\"https:\/\/www.4lean.net\/fr\/company-4lean-2\/\",\"url\":\"https:\/\/www.4lean.net\/fr\/company-4lean-2\/\",\"name\":\"Company - 4 Lean _fr\",\"isPartOf\":{\"@id\":\"https:\/\/www.4lean.net\/fr\/#website\"},\"datePublished\":\"2017-05-10T00:15:54+00:00\",\"dateModified\":\"2023-08-18T18:05:09+00:00\",\"breadcrumb\":{\"@id\":\"https:\/\/www.4lean.net\/fr\/company-4lean-2\/#breadcrumb\"},\"inLanguage\":\"fr-FR\",\"potentialAction\":[{\"@type\":\"ReadAction\",\"target\":[\"https:\/\/www.4lean.net\/fr\/company-4lean-2\/\"]}]},{\"@type\":\"BreadcrumbList\",\"@id\":\"https:\/\/www.4lean.net\/fr\/company-4lean-2\/#breadcrumb\",\"itemListElement\":[{\"@type\":\"ListItem\",\"position\":1,\"name\":\"Home\",\"item\":\"https:\/\/www.4lean.net\/fr\/\"},{\"@type\":\"ListItem\",\"position\":2,\"name\":\"Company\"}]},{\"@type\":\"WebSite\",\"@id\":\"https:\/\/www.4lean.net\/fr\/#website\",\"url\":\"https:\/\/www.4lean.net\/fr\/\",\"name\":\"4 Lean _fr\",\"description\":\"Lean Solutions\",\"potentialAction\":[{\"@type\":\"SearchAction\",\"target\":{\"@type\":\"EntryPoint\",\"urlTemplate\":\"https:\/\/www.4lean.net\/fr\/?s={search_term_string}\"},\"query-input\":\"required name=search_term_string\"}],\"inLanguage\":\"fr-FR\"}]}<\/script>\n<!-- \/ Yoast SEO plugin. -->","yoast_head_json":{"title":"Company - 4 Lean _fr","robots":{"index":"index","follow":"follow","max-snippet":"max-snippet:-1","max-image-preview":"max-image-preview:large","max-video-preview":"max-video-preview:-1"},"canonical":"https:\/\/www.4lean.net\/fr\/company-4lean-2\/","og_locale":"fr_FR","og_type":"article","og_title":"Company - 4 Lean _fr","og_url":"https:\/\/www.4lean.net\/fr\/company-4lean-2\/","og_site_name":"4 Lean _fr","article_modified_time":"2023-08-18T18:05:09+00:00","og_image":[{"url":"https:\/\/www.4lean.net\/wp-content\/uploads\/2015\/02\/4Lean_Storage-2.jpg"}],"twitter_card":"summary_large_image","twitter_misc":{"Dur\u00e9e de lecture estim\u00e9e":"2 minutes"},"schema":{"@context":"https:\/\/schema.org","@graph":[{"@type":"WebPage","@id":"https:\/\/www.4lean.net\/fr\/company-4lean-2\/","url":"https:\/\/www.4lean.net\/fr\/company-4lean-2\/","name":"Company - 4 Lean _fr","isPartOf":{"@id":"https:\/\/www.4lean.net\/fr\/#website"},"datePublished":"2017-05-10T00:15:54+00:00","dateModified":"2023-08-18T18:05:09+00:00","breadcrumb":{"@id":"https:\/\/www.4lean.net\/fr\/company-4lean-2\/#breadcrumb"},"inLanguage":"fr-FR","potentialAction":[{"@type":"ReadAction","target":["https:\/\/www.4lean.net\/fr\/company-4lean-2\/"]}]},{"@type":"BreadcrumbList","@id":"https:\/\/www.4lean.net\/fr\/company-4lean-2\/#breadcrumb","itemListElement":[{"@type":"ListItem","position":1,"name":"Home","item":"https:\/\/www.4lean.net\/fr\/"},{"@type":"ListItem","position":2,"name":"Company"}]},{"@type":"WebSite","@id":"https:\/\/www.4lean.net\/fr\/#website","url":"https:\/\/www.4lean.net\/fr\/","name":"4 Lean _fr","description":"Lean Solutions","potentialAction":[{"@type":"SearchAction","target":{"@type":"EntryPoint","urlTemplate":"https:\/\/www.4lean.net\/fr\/?s={search_term_string}"},"query-input":"required name=search_term_string"}],"inLanguage":"fr-FR"}]}},"_links":{"self":[{"href":"https:\/\/www.4lean.net\/fr\/wp-json\/wp\/v2\/pages\/1311"}],"collection":[{"href":"https:\/\/www.4lean.net\/fr\/wp-json\/wp\/v2\/pages"}],"about":[{"href":"https:\/\/www.4lean.net\/fr\/wp-json\/wp\/v2\/types\/page"}],"author":[{"embeddable":true,"href":"https:\/\/www.4lean.net\/fr\/wp-json\/wp\/v2\/users\/1"}],"replies":[{"embeddable":true,"href":"https:\/\/www.4lean.net\/fr\/wp-json\/wp\/v2\/comments?post=1311"}],"version-history":[{"count":2,"href":"https:\/\/www.4lean.net\/fr\/wp-json\/wp\/v2\/pages\/1311\/revisions"}],"predecessor-version":[{"id":2029,"href":"https:\/\/www.4lean.net\/fr\/wp-json\/wp\/v2\/pages\/1311\/revisions\/2029"}],"wp:attachment":[{"href":"https:\/\/www.4lean.net\/fr\/wp-json\/wp\/v2\/media?parent=1311"}],"curies":[{"name":"wp","href":"https:\/\/api.w.org\/{rel}","templated":true}]}}