{"id":1162,"date":"2017-03-08T21:13:59","date_gmt":"2017-03-08T21:13:59","guid":{"rendered":"http:\/\/www.growingassociates.com\/4LEAN\/fr\/?page_id=1162"},"modified":"2017-04-18T16:26:51","modified_gmt":"2017-04-18T15:26:51","slug":"warehouse","status":"publish","type":"page","link":"https:\/\/www.4lean.net\/fr\/warehouse\/","title":{"rendered":"Warehouse"},"content":{"rendered":"<p><div class=\"fusion-fullwidth fullwidth-box fusion-builder-row-1 nonhundred-percent-fullwidth non-hundred-percent-height-scrolling\"  style='background-color: rgba(255,255,255,0);background-position: center center;background-repeat: no-repeat;padding-top:20px;padding-right:0px;padding-bottom:20px;padding-left:0px;'><div class=\"fusion-builder-row fusion-row \"><div  class=\"fusion-layout-column fusion_builder_column fusion_builder_column_1_1 fusion-builder-column-1 fusion-one-full fusion-column-first fusion-column-last 1_1\"  style='margin-top:0px;margin-bottom:20px;'>\n\t\t\t\t\t<div class=\"fusion-column-wrapper\" style=\"background-position:left top;background-repeat:no-repeat;-webkit-background-size:cover;-moz-background-size:cover;-o-background-size:cover;background-size:cover;\"   data-bg-url=\"\">\n\t\t\t\t\t\t<style type=\"text\/css\"><\/style><div class=\"fusion-title title fusion-title-1 fusion-title-center fusion-title-text fusion-title-size-one\" style=\"margin-top:0px;margin-bottom:0px;\"><div class=\"title-sep-container title-sep-container-left\"><div class=\"title-sep sep-single sep-solid\" style=\"border-color:#e0dede;\"><\/div><\/div><h1 class=\"title-heading-center\" style=\"margin:0;\"><img decoding=\"async\" loading=\"lazy\" class=\"size-full wp-image-1570 alignleft\" src=\"https:\/\/www.4lean.net\/wp-content\/uploads\/2017\/03\/logo_arm70x52.png\" alt=\"\" width=\"70\" height=\"52\" \/>ENTREP\u00d4T<\/h1><div class=\"title-sep-container title-sep-container-right\"><div class=\"title-sep sep-single sep-solid\" style=\"border-color:#e0dede;\"><\/div><\/div><\/div><div class=\"fusion-clearfix\"><\/div>\n\n\t\t\t\t\t<\/div>\n\t\t\t\t<\/div><div  class=\"fusion-layout-column fusion_builder_column fusion_builder_column_1_1 fusion-builder-column-2 fusion-one-full fusion-column-first fusion-column-last 1_1\"  style='margin-top:0px;margin-bottom:20px;'>\n\t\t\t\t\t<div class=\"fusion-column-wrapper\" style=\"background-position:left top;background-repeat:no-repeat;-webkit-background-size:cover;-moz-background-size:cover;-o-background-size:cover;background-size:cover;\"   data-bg-url=\"\">\n\t\t\t\t\t\t<div class=\"fusion-text\"><p><em>4Lean a le savoir-faire des meilleures solutions pour les entrep\u00f4ts d&rsquo;usine ou des centres de distribution, des les am\u00e9liorations dans les processus de r\u00e9ception et d&rsquo;exp\u00e9dition ou l&rsquo;entreposage des mati\u00e8res premi\u00e8res, composants ou produits finis.<\/em><\/p>\n<\/div><div class=\"fusion-clearfix\"><\/div>\n\n\t\t\t\t\t<\/div>\n\t\t\t\t<\/div><\/div><\/div><div class=\"fusion-fullwidth fullwidth-box fusion-builder-row-2 hundred-percent-fullwidth non-hundred-percent-height-scrolling fusion-equal-height-columns\"  style='background-color: #ffffff;background-position: center center;background-repeat: no-repeat;padding-top:20px;padding-right:50px;padding-bottom:20px;padding-left:150px;border-top-width:1px;border-bottom-width:1px;border-color:#eae9e9;border-top-style:solid;border-bottom-style:solid;'><div class=\"fusion-builder-row fusion-row \"><div  class=\"fusion-layout-column fusion_builder_column fusion_builder_column_1_3 fusion-builder-column-3 fusion-one-third fusion-column-first 1_3\"  style='margin-top:0px;margin-bottom:20px;width:33.33%;width:calc(33.33% - ( ( 4% + 4% ) * 0.3333 ) );margin-right: 4%;'>\n\t\t\t\t\t<div class=\"fusion-column-wrapper\" style=\"background-position:left top;background-repeat:no-repeat;-webkit-background-size:cover;-moz-background-size:cover;-o-background-size:cover;background-size:cover;\"   data-bg-url=\"\">\n\t\t\t\t\t\t<div class=\"fusion-column-content-centered\"><div class=\"fusion-column-content\"><span class=\"fusion-imageframe imageframe-none imageframe-1 hover-type-none\"><img decoding=\"async\" src=\"https:\/\/www.4lean.net\/wp-content\/uploads\/2017\/03\/4Lean_14012014_06.jpg\"   alt=\"With picking Tray In double deep pallet racks\" title=\"\" class=\"img-responsive\"\/><\/span><div class=\"fusion-text\"><p><strong>With picking Tray<\/strong><br \/>\nIn double deep pallet racks<\/p>\n<\/div><\/div><\/div><div class=\"fusion-clearfix\"><\/div>\n\n\t\t\t\t\t<\/div>\n\t\t\t\t<\/div><div  class=\"fusion-layout-column fusion_builder_column fusion_builder_column_1_3 fusion-builder-column-4 fusion-one-third 1_3\"  style='margin-top:0px;margin-bottom:20px;width:33.33%;width:calc(33.33% - ( ( 4% + 4% ) * 0.3333 ) );margin-right: 4%;'>\n\t\t\t\t\t<div class=\"fusion-column-wrapper\" style=\"background-position:left top;background-repeat:no-repeat;-webkit-background-size:cover;-moz-background-size:cover;-o-background-size:cover;background-size:cover;\"   data-bg-url=\"\">\n\t\t\t\t\t\t<div class=\"fusion-column-content-centered\"><div class=\"fusion-column-content\"><span class=\"fusion-imageframe imageframe-none imageframe-2 hover-type-none\"><img decoding=\"async\" loading=\"lazy\" src=\"https:\/\/www.4lean.net\/wp-content\/uploads\/2017\/03\/4Lean_14012014_07.jpg\" width=\"540\" height=\"780\" alt=\"Straight flow shelves\" title=\"PowerPoint Presentation\" class=\"img-responsive wp-image-1572\"\/><\/span><div class=\"fusion-text\"><p>Straight flow shelves<\/p>\n<\/div><\/div><\/div><div class=\"fusion-clearfix\"><\/div>\n\n\t\t\t\t\t<\/div>\n\t\t\t\t<\/div><div  class=\"fusion-layout-column fusion_builder_column fusion_builder_column_1_3 fusion-builder-column-5 fusion-one-third fusion-column-last 1_3\"  style='margin-top:0px;margin-bottom:20px;width:33.33%;width:calc(33.33% - ( ( 4% + 4% ) * 0.3333 ) );'>\n\t\t\t\t\t<div class=\"fusion-column-wrapper\" style=\"background-position:left top;background-repeat:no-repeat;-webkit-background-size:cover;-moz-background-size:cover;-o-background-size:cover;background-size:cover;\"   data-bg-url=\"\">\n\t\t\t\t\t\t<div class=\"fusion-column-content-centered\"><div class=\"fusion-column-content\"><span class=\"fusion-imageframe imageframe-none imageframe-3 hover-type-none\"><img decoding=\"async\" src=\"https:\/\/www.4lean.net\/wp-content\/uploads\/2017\/03\/4Lean_14012014_08.jpg\"   alt=\"With picking tray\" title=\"\" class=\"img-responsive\"\/><\/span><div class=\"fusion-text\"><p>Straight flow shelves<\/p>\n<\/div><\/div><\/div><div class=\"fusion-clearfix\"><\/div>\n\n\t\t\t\t\t<\/div>\n\t\t\t\t<\/div><\/div><\/div><\/p>\n","protected":false},"excerpt":{"rendered":"","protected":false},"author":1,"featured_media":0,"parent":0,"menu_order":0,"comment_status":"closed","ping_status":"closed","template":"","meta":[],"yoast_head":"<!-- This site is optimized with the Yoast SEO plugin v20.2 - https:\/\/yoast.com\/wordpress\/plugins\/seo\/ -->\n<title>4Lean Entrep\u00f4t Know-how and Solutions - www.4lean.net<\/title>\n<meta name=\"description\" content=\"ENTREP\u00d4T 4Lean a le savoir-faire des meilleures solutions pour les entrep\u00f4ts d&#039;usine ou des centres de distribution, des les am\u00e9liorations dans les processu\" \/>\n<meta name=\"robots\" content=\"index, follow, max-snippet:-1, max-image-preview:large, max-video-preview:-1\" \/>\n<link rel=\"canonical\" href=\"https:\/\/www.4lean.net\/fr\/warehouse\/\" \/>\n<meta property=\"og:locale\" content=\"fr_FR\" \/>\n<meta property=\"og:type\" content=\"article\" \/>\n<meta property=\"og:title\" content=\"4Lean Entrep\u00f4t Know-how and Solutions - www.4lean.net\" \/>\n<meta property=\"og:description\" content=\"ENTREP\u00d4T 4Lean a le savoir-faire des meilleures solutions pour les entrep\u00f4ts d&#039;usine ou des centres de distribution, des les am\u00e9liorations dans les processu\" \/>\n<meta property=\"og:url\" content=\"https:\/\/www.4lean.net\/fr\/warehouse\/\" \/>\n<meta property=\"og:site_name\" content=\"4 Lean _fr\" \/>\n<meta property=\"article:modified_time\" content=\"2017-04-18T15:26:51+00:00\" \/>\n<meta property=\"og:image\" content=\"https:\/\/www.4lean.net\/wp-content\/uploads\/2017\/03\/logo_arm70x52.png\" \/>\n<meta name=\"twitter:card\" content=\"summary_large_image\" \/>\n<meta name=\"twitter:label1\" content=\"Dur\u00e9e de lecture estim\u00e9e\" \/>\n\t<meta name=\"twitter:data1\" content=\"3 minutes\" \/>\n<script type=\"application\/ld+json\" class=\"yoast-schema-graph\">{\"@context\":\"https:\/\/schema.org\",\"@graph\":[{\"@type\":\"WebPage\",\"@id\":\"https:\/\/www.4lean.net\/fr\/warehouse\/\",\"url\":\"https:\/\/www.4lean.net\/fr\/warehouse\/\",\"name\":\"4Lean Entrep\u00f4t Know-how and Solutions - www.4lean.net\",\"isPartOf\":{\"@id\":\"https:\/\/www.4lean.net\/fr\/#website\"},\"datePublished\":\"2017-03-08T21:13:59+00:00\",\"dateModified\":\"2017-04-18T15:26:51+00:00\",\"description\":\"ENTREP\u00d4T 4Lean a le savoir-faire des meilleures solutions pour les entrep\u00f4ts d'usine ou des centres de distribution, des les am\u00e9liorations dans les processu\",\"breadcrumb\":{\"@id\":\"https:\/\/www.4lean.net\/fr\/warehouse\/#breadcrumb\"},\"inLanguage\":\"fr-FR\",\"potentialAction\":[{\"@type\":\"ReadAction\",\"target\":[\"https:\/\/www.4lean.net\/fr\/warehouse\/\"]}]},{\"@type\":\"BreadcrumbList\",\"@id\":\"https:\/\/www.4lean.net\/fr\/warehouse\/#breadcrumb\",\"itemListElement\":[{\"@type\":\"ListItem\",\"position\":1,\"name\":\"Home\",\"item\":\"https:\/\/www.4lean.net\/fr\/\"},{\"@type\":\"ListItem\",\"position\":2,\"name\":\"Warehouse\"}]},{\"@type\":\"WebSite\",\"@id\":\"https:\/\/www.4lean.net\/fr\/#website\",\"url\":\"https:\/\/www.4lean.net\/fr\/\",\"name\":\"4 Lean _fr\",\"description\":\"Lean Solutions\",\"potentialAction\":[{\"@type\":\"SearchAction\",\"target\":{\"@type\":\"EntryPoint\",\"urlTemplate\":\"https:\/\/www.4lean.net\/fr\/?s={search_term_string}\"},\"query-input\":\"required name=search_term_string\"}],\"inLanguage\":\"fr-FR\"}]}<\/script>\n<!-- \/ Yoast SEO plugin. -->","yoast_head_json":{"title":"4Lean Entrep\u00f4t Know-how and Solutions - www.4lean.net","description":"ENTREP\u00d4T 4Lean a le savoir-faire des meilleures solutions pour les entrep\u00f4ts d'usine ou des centres de distribution, des les am\u00e9liorations dans les processu","robots":{"index":"index","follow":"follow","max-snippet":"max-snippet:-1","max-image-preview":"max-image-preview:large","max-video-preview":"max-video-preview:-1"},"canonical":"https:\/\/www.4lean.net\/fr\/warehouse\/","og_locale":"fr_FR","og_type":"article","og_title":"4Lean Entrep\u00f4t Know-how and Solutions - www.4lean.net","og_description":"ENTREP\u00d4T 4Lean a le savoir-faire des meilleures solutions pour les entrep\u00f4ts d'usine ou des centres de distribution, des les am\u00e9liorations dans les processu","og_url":"https:\/\/www.4lean.net\/fr\/warehouse\/","og_site_name":"4 Lean _fr","article_modified_time":"2017-04-18T15:26:51+00:00","og_image":[{"url":"https:\/\/www.4lean.net\/wp-content\/uploads\/2017\/03\/logo_arm70x52.png"}],"twitter_card":"summary_large_image","twitter_misc":{"Dur\u00e9e de lecture estim\u00e9e":"3 minutes"},"schema":{"@context":"https:\/\/schema.org","@graph":[{"@type":"WebPage","@id":"https:\/\/www.4lean.net\/fr\/warehouse\/","url":"https:\/\/www.4lean.net\/fr\/warehouse\/","name":"4Lean Entrep\u00f4t Know-how and Solutions - www.4lean.net","isPartOf":{"@id":"https:\/\/www.4lean.net\/fr\/#website"},"datePublished":"2017-03-08T21:13:59+00:00","dateModified":"2017-04-18T15:26:51+00:00","description":"ENTREP\u00d4T 4Lean a le savoir-faire des meilleures solutions pour les entrep\u00f4ts d'usine ou des centres de distribution, des les am\u00e9liorations dans les processu","breadcrumb":{"@id":"https:\/\/www.4lean.net\/fr\/warehouse\/#breadcrumb"},"inLanguage":"fr-FR","potentialAction":[{"@type":"ReadAction","target":["https:\/\/www.4lean.net\/fr\/warehouse\/"]}]},{"@type":"BreadcrumbList","@id":"https:\/\/www.4lean.net\/fr\/warehouse\/#breadcrumb","itemListElement":[{"@type":"ListItem","position":1,"name":"Home","item":"https:\/\/www.4lean.net\/fr\/"},{"@type":"ListItem","position":2,"name":"Warehouse"}]},{"@type":"WebSite","@id":"https:\/\/www.4lean.net\/fr\/#website","url":"https:\/\/www.4lean.net\/fr\/","name":"4 Lean _fr","description":"Lean Solutions","potentialAction":[{"@type":"SearchAction","target":{"@type":"EntryPoint","urlTemplate":"https:\/\/www.4lean.net\/fr\/?s={search_term_string}"},"query-input":"required name=search_term_string"}],"inLanguage":"fr-FR"}]}},"_links":{"self":[{"href":"https:\/\/www.4lean.net\/fr\/wp-json\/wp\/v2\/pages\/1162"}],"collection":[{"href":"https:\/\/www.4lean.net\/fr\/wp-json\/wp\/v2\/pages"}],"about":[{"href":"https:\/\/www.4lean.net\/fr\/wp-json\/wp\/v2\/types\/page"}],"author":[{"embeddable":true,"href":"https:\/\/www.4lean.net\/fr\/wp-json\/wp\/v2\/users\/1"}],"replies":[{"embeddable":true,"href":"https:\/\/www.4lean.net\/fr\/wp-json\/wp\/v2\/comments?post=1162"}],"version-history":[{"count":3,"href":"https:\/\/www.4lean.net\/fr\/wp-json\/wp\/v2\/pages\/1162\/revisions"}],"predecessor-version":[{"id":1303,"href":"https:\/\/www.4lean.net\/fr\/wp-json\/wp\/v2\/pages\/1162\/revisions\/1303"}],"wp:attachment":[{"href":"https:\/\/www.4lean.net\/fr\/wp-json\/wp\/v2\/media?parent=1162"}],"curies":[{"name":"wp","href":"https:\/\/api.w.org\/{rel}","templated":true}]}}