{"id":1123,"date":"2017-03-08T21:39:14","date_gmt":"2017-03-08T21:39:14","guid":{"rendered":"http:\/\/www.growingassociates.com\/4LEAN\/es\/?page_id=1123"},"modified":"2017-04-18T14:44:10","modified_gmt":"2017-04-18T13:44:10","slug":"external-logistics","status":"publish","type":"page","link":"https:\/\/www.4lean.net\/es\/external-logistics\/","title":{"rendered":"External Logistics"},"content":{"rendered":"<div class=\"fusion-fullwidth fullwidth-box fusion-builder-row-1 nonhundred-percent-fullwidth non-hundred-percent-height-scrolling\"  style='background-color: rgba(255,255,255,0);background-position: center center;background-repeat: no-repeat;padding-top:20px;padding-right:0px;padding-bottom:20px;padding-left:0px;'><div class=\"fusion-builder-row fusion-row \"><div  class=\"fusion-layout-column fusion_builder_column fusion_builder_column_1_1 fusion-builder-column-1 fusion-one-full fusion-column-first fusion-column-last 1_1\"  style='margin-top:0px;margin-bottom:20px;'>\n\t\t\t\t\t<div class=\"fusion-column-wrapper\" style=\"background-position:left top;background-repeat:no-repeat;-webkit-background-size:cover;-moz-background-size:cover;-o-background-size:cover;background-size:cover;\"   data-bg-url=\"\">\n\t\t\t\t\t\t<style type=\"text\/css\"><\/style><div class=\"fusion-title title fusion-title-1 fusion-title-center fusion-title-text fusion-title-size-one\" style=\"margin-top:0px;margin-bottom:0px;\"><div class=\"title-sep-container title-sep-container-left\"><div class=\"title-sep sep-single sep-solid\" style=\"border-color:#e0dede;\"><\/div><\/div><h1 class=\"title-heading-center\" style=\"margin:0;\"><img decoding=\"async\" loading=\"lazy\" class=\"size-full wp-image-1585 alignleft\" src=\"https:\/\/www.4lean.net\/wp-content\/uploads\/2017\/03\/logo_log_ext70x52.png\" alt=\"External Logistics\" width=\"70\" height=\"52\" \/>LOG\u00cdSTICA EXTERNA<\/h1><div class=\"title-sep-container title-sep-container-right\"><div class=\"title-sep sep-single sep-solid\" style=\"border-color:#e0dede;\"><\/div><\/div><\/div><div class=\"fusion-clearfix\"><\/div>\n\n\t\t\t\t\t<\/div>\n\t\t\t\t<\/div><div  class=\"fusion-layout-column fusion_builder_column fusion_builder_column_1_1 fusion-builder-column-2 fusion-one-full fusion-column-first fusion-column-last 1_1\"  style='margin-top:0px;margin-bottom:20px;'>\n\t\t\t\t\t<div class=\"fusion-column-wrapper\" style=\"background-position:left top;background-repeat:no-repeat;-webkit-background-size:cover;-moz-background-size:cover;-o-background-size:cover;background-size:cover;\"   data-bg-url=\"\">\n\t\t\t\t\t\t<div class=\"fusion-text\"><p>La estructura, organizaci\u00f3n\u00a0y\u00a0recursos utilizados en la\u00a0log\u00edstica son importantes para cualquier proceso de expedici\u00f3n, pero extremadamente importantes para plantas que compartan un sistema de producci\u00f3n\u00a0y que estezan separadas f\u00edsicamente.<br \/>\nEn el\u00a0transporte de los componentes, materias primas, productos acabados o herramientas, usted necesita\u00a0una forma\u00a0adaptada a sus necesidades,\u00a0que sea ergon\u00f3mica,\u00a0segura y funcional.<\/p>\n<\/div><div class=\"fusion-clearfix\"><\/div>\n\n\t\t\t\t\t<\/div>\n\t\t\t\t<\/div><div  class=\"fusion-layout-column fusion_builder_column fusion_builder_column_1_1 fusion-builder-column-3 fusion-one-full fusion-column-first fusion-column-last 1_1\"  style='margin-top:0px;margin-bottom:20px;'>\n\t\t\t\t\t<div class=\"fusion-column-wrapper\" style=\"background-color:#ffffff;background-position:left top;background-repeat:no-repeat;-webkit-background-size:cover;-moz-background-size:cover;-o-background-size:cover;background-size:cover;\"   data-bg-url=\"\">\n\t\t\t\t\t\t<div class=\"fusion-text\"><p><img decoding=\"async\" loading=\"lazy\" class=\"size-full wp-image-1586 aligncenter\" src=\"https:\/\/www.4lean.net\/wp-content\/uploads\/2017\/03\/4_lean_external_logistics.png\" alt=\"4_lean_external_logistics\" width=\"700\" height=\"153\" \/><\/p>\n<\/div><div class=\"fusion-clearfix\"><\/div>\n\n\t\t\t\t\t<\/div>\n\t\t\t\t<\/div><\/div><\/div>\n","protected":false},"excerpt":{"rendered":"","protected":false},"author":1,"featured_media":0,"parent":0,"menu_order":0,"comment_status":"closed","ping_status":"closed","template":"","meta":[],"yoast_head":"<!-- This site is optimized with the Yoast SEO plugin v20.2 - https:\/\/yoast.com\/wordpress\/plugins\/seo\/ -->\n<title>External Logistics for transport of components - www.4lean.net<\/title>\n<meta name=\"description\" content=\"External Logistics - transport of components, materials, products\/ tools is necessary to have means adjustable to your needs, ergonomic, safe, functional.\" \/>\n<meta name=\"robots\" content=\"index, follow, max-snippet:-1, max-image-preview:large, max-video-preview:-1\" \/>\n<link rel=\"canonical\" href=\"https:\/\/www.4lean.net\/es\/external-logistics\/\" \/>\n<meta property=\"og:locale\" content=\"es_ES\" \/>\n<meta property=\"og:type\" content=\"article\" \/>\n<meta property=\"og:title\" content=\"External Logistics for transport of components - www.4lean.net\" \/>\n<meta property=\"og:description\" content=\"External Logistics - transport of components, materials, products\/ tools is necessary to have means adjustable to your needs, ergonomic, safe, functional.\" \/>\n<meta property=\"og:url\" content=\"https:\/\/www.4lean.net\/es\/external-logistics\/\" \/>\n<meta property=\"og:site_name\" content=\"4 Lean _ES\" \/>\n<meta property=\"article:modified_time\" content=\"2017-04-18T13:44:10+00:00\" \/>\n<meta property=\"og:image\" content=\"https:\/\/www.4lean.net\/wp-content\/uploads\/2017\/03\/logo_log_ext70x52.png\" \/>\n<meta name=\"twitter:card\" content=\"summary_large_image\" \/>\n<meta name=\"twitter:label1\" content=\"Tiempo de lectura\" \/>\n\t<meta name=\"twitter:data1\" content=\"2 minutos\" \/>\n<script type=\"application\/ld+json\" class=\"yoast-schema-graph\">{\"@context\":\"https:\/\/schema.org\",\"@graph\":[{\"@type\":\"WebPage\",\"@id\":\"https:\/\/www.4lean.net\/es\/external-logistics\/\",\"url\":\"https:\/\/www.4lean.net\/es\/external-logistics\/\",\"name\":\"External Logistics for transport of components - www.4lean.net\",\"isPartOf\":{\"@id\":\"https:\/\/www.4lean.net\/es\/#website\"},\"datePublished\":\"2017-03-08T21:39:14+00:00\",\"dateModified\":\"2017-04-18T13:44:10+00:00\",\"description\":\"External Logistics - transport of components, materials, products\/ tools is necessary to have means adjustable to your needs, ergonomic, safe, functional.\",\"breadcrumb\":{\"@id\":\"https:\/\/www.4lean.net\/es\/external-logistics\/#breadcrumb\"},\"inLanguage\":\"es\",\"potentialAction\":[{\"@type\":\"ReadAction\",\"target\":[\"https:\/\/www.4lean.net\/es\/external-logistics\/\"]}]},{\"@type\":\"BreadcrumbList\",\"@id\":\"https:\/\/www.4lean.net\/es\/external-logistics\/#breadcrumb\",\"itemListElement\":[{\"@type\":\"ListItem\",\"position\":1,\"name\":\"Home\",\"item\":\"https:\/\/www.4lean.net\/es\/\"},{\"@type\":\"ListItem\",\"position\":2,\"name\":\"External Logistics\"}]},{\"@type\":\"WebSite\",\"@id\":\"https:\/\/www.4lean.net\/es\/#website\",\"url\":\"https:\/\/www.4lean.net\/es\/\",\"name\":\"4 Lean _ES\",\"description\":\"Lean Solutions\",\"potentialAction\":[{\"@type\":\"SearchAction\",\"target\":{\"@type\":\"EntryPoint\",\"urlTemplate\":\"https:\/\/www.4lean.net\/es\/?s={search_term_string}\"},\"query-input\":\"required name=search_term_string\"}],\"inLanguage\":\"es\"}]}<\/script>\n<!-- \/ Yoast SEO plugin. -->","yoast_head_json":{"title":"External Logistics for transport of components - www.4lean.net","description":"External Logistics - transport of components, materials, products\/ tools is necessary to have means adjustable to your needs, ergonomic, safe, functional.","robots":{"index":"index","follow":"follow","max-snippet":"max-snippet:-1","max-image-preview":"max-image-preview:large","max-video-preview":"max-video-preview:-1"},"canonical":"https:\/\/www.4lean.net\/es\/external-logistics\/","og_locale":"es_ES","og_type":"article","og_title":"External Logistics for transport of components - www.4lean.net","og_description":"External Logistics - transport of components, materials, products\/ tools is necessary to have means adjustable to your needs, ergonomic, safe, functional.","og_url":"https:\/\/www.4lean.net\/es\/external-logistics\/","og_site_name":"4 Lean _ES","article_modified_time":"2017-04-18T13:44:10+00:00","og_image":[{"url":"https:\/\/www.4lean.net\/wp-content\/uploads\/2017\/03\/logo_log_ext70x52.png"}],"twitter_card":"summary_large_image","twitter_misc":{"Tiempo de lectura":"2 minutos"},"schema":{"@context":"https:\/\/schema.org","@graph":[{"@type":"WebPage","@id":"https:\/\/www.4lean.net\/es\/external-logistics\/","url":"https:\/\/www.4lean.net\/es\/external-logistics\/","name":"External Logistics for transport of components - www.4lean.net","isPartOf":{"@id":"https:\/\/www.4lean.net\/es\/#website"},"datePublished":"2017-03-08T21:39:14+00:00","dateModified":"2017-04-18T13:44:10+00:00","description":"External Logistics - transport of components, materials, products\/ tools is necessary to have means adjustable to your needs, ergonomic, safe, functional.","breadcrumb":{"@id":"https:\/\/www.4lean.net\/es\/external-logistics\/#breadcrumb"},"inLanguage":"es","potentialAction":[{"@type":"ReadAction","target":["https:\/\/www.4lean.net\/es\/external-logistics\/"]}]},{"@type":"BreadcrumbList","@id":"https:\/\/www.4lean.net\/es\/external-logistics\/#breadcrumb","itemListElement":[{"@type":"ListItem","position":1,"name":"Home","item":"https:\/\/www.4lean.net\/es\/"},{"@type":"ListItem","position":2,"name":"External Logistics"}]},{"@type":"WebSite","@id":"https:\/\/www.4lean.net\/es\/#website","url":"https:\/\/www.4lean.net\/es\/","name":"4 Lean _ES","description":"Lean Solutions","potentialAction":[{"@type":"SearchAction","target":{"@type":"EntryPoint","urlTemplate":"https:\/\/www.4lean.net\/es\/?s={search_term_string}"},"query-input":"required name=search_term_string"}],"inLanguage":"es"}]}},"_links":{"self":[{"href":"https:\/\/www.4lean.net\/es\/wp-json\/wp\/v2\/pages\/1123"}],"collection":[{"href":"https:\/\/www.4lean.net\/es\/wp-json\/wp\/v2\/pages"}],"about":[{"href":"https:\/\/www.4lean.net\/es\/wp-json\/wp\/v2\/types\/page"}],"author":[{"embeddable":true,"href":"https:\/\/www.4lean.net\/es\/wp-json\/wp\/v2\/users\/1"}],"replies":[{"embeddable":true,"href":"https:\/\/www.4lean.net\/es\/wp-json\/wp\/v2\/comments?post=1123"}],"version-history":[{"count":3,"href":"https:\/\/www.4lean.net\/es\/wp-json\/wp\/v2\/pages\/1123\/revisions"}],"predecessor-version":[{"id":1160,"href":"https:\/\/www.4lean.net\/es\/wp-json\/wp\/v2\/pages\/1123\/revisions\/1160"}],"wp:attachment":[{"href":"https:\/\/www.4lean.net\/es\/wp-json\/wp\/v2\/media?parent=1123"}],"curies":[{"name":"wp","href":"https:\/\/api.w.org\/{rel}","templated":true}]}}