{"id":1086,"date":"2017-02-24T14:03:40","date_gmt":"2017-02-24T14:03:40","guid":{"rendered":"http:\/\/www.growingassociates.com\/4LEAN\/es\/?page_id=1086"},"modified":"2017-05-10T01:12:27","modified_gmt":"2017-05-10T00:12:27","slug":"company-4lean","status":"publish","type":"page","link":"https:\/\/www.4lean.net\/es\/company-4lean\/","title":{"rendered":"Company-Old"},"content":{"rendered":"<div class=\"fusion-fullwidth fullwidth-box fusion-builder-row-1 nonhundred-percent-fullwidth non-hundred-percent-height-scrolling\"  style='background-color: rgba(255,255,255,0);background-position: left top;background-repeat: no-repeat;padding-right:0px;padding-left:0px;border-top-width:0px;border-bottom-width:0px;border-color:#eae9e9;border-top-style:solid;border-bottom-style:solid;'><div class=\"fusion-builder-row fusion-row \"><div  class=\"fusion-layout-column fusion_builder_column fusion_builder_column_1_1 fusion-builder-column-1 fusion-one-full fusion-column-first fusion-column-last fusion-column-no-min-height 1_1\"  style='margin-top:0px;margin-bottom:0px;'>\n\t\t\t\t\t<div class=\"fusion-column-wrapper\" style=\"background-position:left top;background-repeat:no-repeat;-webkit-background-size:cover;-moz-background-size:cover;-o-background-size:cover;background-size:cover;\"   data-bg-url=\"\">\n\t\t\t\t\t\t<div class=\"fusion-sep-clear\"><\/div><div class=\"fusion-separator fusion-full-width-sep sep-single sep-solid\" style=\"border-color:#ff0000;border-top-width:5px;margin-left: auto;margin-right: auto;margin-top:;\"><\/div><div class=\"fusion-clearfix\"><\/div>\n\n\t\t\t\t\t<\/div>\n\t\t\t\t<\/div><div  class=\"fusion-layout-column fusion_builder_column fusion_builder_column_1_1 fusion-builder-column-2 fusion-one-full fusion-column-first fusion-column-last green-border rounded-border 1_1\"  style='margin-top:0px;margin-bottom:20px;'>\n\t\t\t\t\t<div class=\"fusion-column-wrapper\" style=\"background-color:#ffffff;border:1px solid #e2e2e2;padding: 60px 60px 50px 60px;background-position:left top;background-repeat:no-repeat;-webkit-background-size:cover;-moz-background-size:cover;-o-background-size:cover;background-size:cover;\"   data-bg-url=\"\">\n\t\t\t\t\t\t<div class=\"fusion-text\"><h3 style=\"text-align: left; margin-top: 0px;\">4 Lean<\/h3>\n<p>4Lean\u00a0es una empresa\u00a0dedicada a la creaci\u00f3n\u00a0e implementaci\u00f3n de soluciones Lean en: puestos de trabajo, trenes log\u00edsticos, supermercados, almacenes, log\u00edstica externa y gesti\u00f3n Lean.<\/p>\n<p>Dentro de su gama\u00a0de productos\u00a0cuenta con\u00a0varias familias\u00a0de productos, tales como manejo de materiales,\u00a0gesti\u00f3n\u00a0visual,\u00a0simulaciones\u00a0Lean y\u00a0talleres.<\/p>\n<p>Los sistemas\u00a0de manejo de materiales\u00a0son flexibles,\u00a0reutilizables y tienen\u00a0una amplia gama de\u00a0aplicaciones, tales como\u00a0carros, partes de l\u00ednea y supermercados.\u00a0Son f\u00e1ciles de\u00a0montar y personalizar seg\u00fan las\u00a0necesidades de los clientes, lo que permite\u00a0aumentar la productividad\u00a0y la ergonom\u00eda\u00a0en la planta, cuya aplicaci\u00f3n\u00a0se\u00a0limita apenas por su creatividad.<\/p>\n<p>La gesti\u00f3n\u00a0visual\u00a0permite una mejor\u00a0organizaci\u00f3n y m\u00e9todo a trav\u00e9s de una interfaz gr\u00e1fica\u00a0e intuitiva.<br \/>\n4Lean tambi\u00e9n desarrolla simulaciones Lean adaptadas a las necesidades\u00a0de cada cliente,\u00a0con el fin de\u00a0educar y formar a\u00a0sus empleados.<br \/>\nLos talleres 4Lean se llevan a cabo para ayudar a\u00a0los clientes a comprender\u00a0los conceptos Lean y\u00a0sistemas\u00a04Lean.<\/p>\n<p style=\"text-align: left;\"><img decoding=\"async\" loading=\"lazy\" class=\"aligncenter wp-image-1020 size-full\" title=\"4Lean\" src=\"https:\/\/www.4lean.net\/wp-content\/uploads\/2015\/02\/4Lean_Storage-2.jpg\" alt=\"4Lean _Storage\" width=\"1200\" height=\"372\" \/><\/p>\n<\/div><div class=\"fusion-sep-clear\"><\/div><div class=\"fusion-separator fusion-full-width-sep sep-none\" style=\"margin-left: auto;margin-right: auto;margin-top:20px;\"><\/div><div class=\"fusion-clearfix\"><\/div>\n\n\t\t\t\t\t<\/div>\n\t\t\t\t<\/div><\/div><\/div>\n","protected":false},"excerpt":{"rendered":"","protected":false},"author":1,"featured_media":0,"parent":0,"menu_order":0,"comment_status":"closed","ping_status":"closed","template":"","meta":[],"yoast_head":"<!-- This site is optimized with the Yoast SEO plugin v20.2 - https:\/\/yoast.com\/wordpress\/plugins\/seo\/ -->\n<title>4 Lean Empresa - Soluciones Lean - www.4lean.net<\/title>\n<meta name=\"description\" content=\"4Lean es una empresa dedicada a la creaci\u00f3n e implementaci\u00f3n de soluciones Lean en: puestos de trabajo, trenes log\u00edsticos, supermercados, almacenes, etc.\" \/>\n<meta name=\"robots\" content=\"index, follow, max-snippet:-1, max-image-preview:large, max-video-preview:-1\" \/>\n<link rel=\"canonical\" href=\"https:\/\/www.4lean.net\/es\/company-4lean\/\" \/>\n<meta property=\"og:locale\" content=\"es_ES\" \/>\n<meta property=\"og:type\" content=\"article\" \/>\n<meta property=\"og:title\" content=\"4 Lean Empresa - Soluciones Lean - www.4lean.net\" \/>\n<meta property=\"og:description\" content=\"4Lean es una empresa dedicada a la creaci\u00f3n e implementaci\u00f3n de soluciones Lean en: puestos de trabajo, trenes log\u00edsticos, supermercados, almacenes, etc.\" \/>\n<meta property=\"og:url\" content=\"https:\/\/www.4lean.net\/es\/company-4lean\/\" \/>\n<meta property=\"og:site_name\" content=\"4 Lean _ES\" \/>\n<meta property=\"article:modified_time\" content=\"2017-05-10T00:12:27+00:00\" \/>\n<meta property=\"og:image\" content=\"https:\/\/www.4lean.net\/wp-content\/uploads\/2015\/02\/4Lean_Storage-2.jpg\" \/>\n<meta name=\"twitter:card\" content=\"summary_large_image\" \/>\n<meta name=\"twitter:label1\" content=\"Tiempo de lectura\" \/>\n\t<meta name=\"twitter:data1\" content=\"2 minutos\" \/>\n<script type=\"application\/ld+json\" class=\"yoast-schema-graph\">{\"@context\":\"https:\/\/schema.org\",\"@graph\":[{\"@type\":\"WebPage\",\"@id\":\"https:\/\/www.4lean.net\/es\/company-4lean\/\",\"url\":\"https:\/\/www.4lean.net\/es\/company-4lean\/\",\"name\":\"4 Lean Empresa - Soluciones Lean - www.4lean.net\",\"isPartOf\":{\"@id\":\"https:\/\/www.4lean.net\/es\/#website\"},\"datePublished\":\"2017-02-24T14:03:40+00:00\",\"dateModified\":\"2017-05-10T00:12:27+00:00\",\"description\":\"4Lean es una empresa dedicada a la creaci\u00f3n e implementaci\u00f3n de soluciones Lean en: puestos de trabajo, trenes log\u00edsticos, supermercados, almacenes, etc.\",\"breadcrumb\":{\"@id\":\"https:\/\/www.4lean.net\/es\/company-4lean\/#breadcrumb\"},\"inLanguage\":\"es\",\"potentialAction\":[{\"@type\":\"ReadAction\",\"target\":[\"https:\/\/www.4lean.net\/es\/company-4lean\/\"]}]},{\"@type\":\"BreadcrumbList\",\"@id\":\"https:\/\/www.4lean.net\/es\/company-4lean\/#breadcrumb\",\"itemListElement\":[{\"@type\":\"ListItem\",\"position\":1,\"name\":\"Home\",\"item\":\"https:\/\/www.4lean.net\/es\/\"},{\"@type\":\"ListItem\",\"position\":2,\"name\":\"Company-Old\"}]},{\"@type\":\"WebSite\",\"@id\":\"https:\/\/www.4lean.net\/es\/#website\",\"url\":\"https:\/\/www.4lean.net\/es\/\",\"name\":\"4 Lean _ES\",\"description\":\"Lean Solutions\",\"potentialAction\":[{\"@type\":\"SearchAction\",\"target\":{\"@type\":\"EntryPoint\",\"urlTemplate\":\"https:\/\/www.4lean.net\/es\/?s={search_term_string}\"},\"query-input\":\"required name=search_term_string\"}],\"inLanguage\":\"es\"}]}<\/script>\n<!-- \/ Yoast SEO plugin. -->","yoast_head_json":{"title":"4 Lean Empresa - Soluciones Lean - www.4lean.net","description":"4Lean es una empresa dedicada a la creaci\u00f3n e implementaci\u00f3n de soluciones Lean en: puestos de trabajo, trenes log\u00edsticos, supermercados, almacenes, etc.","robots":{"index":"index","follow":"follow","max-snippet":"max-snippet:-1","max-image-preview":"max-image-preview:large","max-video-preview":"max-video-preview:-1"},"canonical":"https:\/\/www.4lean.net\/es\/company-4lean\/","og_locale":"es_ES","og_type":"article","og_title":"4 Lean Empresa - Soluciones Lean - www.4lean.net","og_description":"4Lean es una empresa dedicada a la creaci\u00f3n e implementaci\u00f3n de soluciones Lean en: puestos de trabajo, trenes log\u00edsticos, supermercados, almacenes, etc.","og_url":"https:\/\/www.4lean.net\/es\/company-4lean\/","og_site_name":"4 Lean _ES","article_modified_time":"2017-05-10T00:12:27+00:00","og_image":[{"url":"https:\/\/www.4lean.net\/wp-content\/uploads\/2015\/02\/4Lean_Storage-2.jpg"}],"twitter_card":"summary_large_image","twitter_misc":{"Tiempo de lectura":"2 minutos"},"schema":{"@context":"https:\/\/schema.org","@graph":[{"@type":"WebPage","@id":"https:\/\/www.4lean.net\/es\/company-4lean\/","url":"https:\/\/www.4lean.net\/es\/company-4lean\/","name":"4 Lean Empresa - Soluciones Lean - www.4lean.net","isPartOf":{"@id":"https:\/\/www.4lean.net\/es\/#website"},"datePublished":"2017-02-24T14:03:40+00:00","dateModified":"2017-05-10T00:12:27+00:00","description":"4Lean es una empresa dedicada a la creaci\u00f3n e implementaci\u00f3n de soluciones Lean en: puestos de trabajo, trenes log\u00edsticos, supermercados, almacenes, etc.","breadcrumb":{"@id":"https:\/\/www.4lean.net\/es\/company-4lean\/#breadcrumb"},"inLanguage":"es","potentialAction":[{"@type":"ReadAction","target":["https:\/\/www.4lean.net\/es\/company-4lean\/"]}]},{"@type":"BreadcrumbList","@id":"https:\/\/www.4lean.net\/es\/company-4lean\/#breadcrumb","itemListElement":[{"@type":"ListItem","position":1,"name":"Home","item":"https:\/\/www.4lean.net\/es\/"},{"@type":"ListItem","position":2,"name":"Company-Old"}]},{"@type":"WebSite","@id":"https:\/\/www.4lean.net\/es\/#website","url":"https:\/\/www.4lean.net\/es\/","name":"4 Lean _ES","description":"Lean Solutions","potentialAction":[{"@type":"SearchAction","target":{"@type":"EntryPoint","urlTemplate":"https:\/\/www.4lean.net\/es\/?s={search_term_string}"},"query-input":"required name=search_term_string"}],"inLanguage":"es"}]}},"_links":{"self":[{"href":"https:\/\/www.4lean.net\/es\/wp-json\/wp\/v2\/pages\/1086"}],"collection":[{"href":"https:\/\/www.4lean.net\/es\/wp-json\/wp\/v2\/pages"}],"about":[{"href":"https:\/\/www.4lean.net\/es\/wp-json\/wp\/v2\/types\/page"}],"author":[{"embeddable":true,"href":"https:\/\/www.4lean.net\/es\/wp-json\/wp\/v2\/users\/1"}],"replies":[{"embeddable":true,"href":"https:\/\/www.4lean.net\/es\/wp-json\/wp\/v2\/comments?post=1086"}],"version-history":[{"count":4,"href":"https:\/\/www.4lean.net\/es\/wp-json\/wp\/v2\/pages\/1086\/revisions"}],"predecessor-version":[{"id":1253,"href":"https:\/\/www.4lean.net\/es\/wp-json\/wp\/v2\/pages\/1086\/revisions\/1253"}],"wp:attachment":[{"href":"https:\/\/www.4lean.net\/es\/wp-json\/wp\/v2\/media?parent=1086"}],"curies":[{"name":"wp","href":"https:\/\/api.w.org\/{rel}","templated":true}]}}