{"id":1569,"date":"2017-03-08T21:03:49","date_gmt":"2017-03-08T21:03:49","guid":{"rendered":"https:\/\/www.4lean.net\/de\/?page_id=1569"},"modified":"2020-02-20T09:13:29","modified_gmt":"2020-02-20T09:13:29","slug":"warehouse","status":"publish","type":"page","link":"https:\/\/www.4lean.net\/de\/warehouse\/","title":{"rendered":"Lagerhaus"},"content":{"rendered":"<p><div class=\"fusion-fullwidth fullwidth-box fusion-builder-row-1 nonhundred-percent-fullwidth non-hundred-percent-height-scrolling\"  style='background-color: rgba(255,255,255,0);background-position: center center;background-repeat: no-repeat;padding-top:20px;padding-right:0px;padding-bottom:20px;padding-left:0px;'><div class=\"fusion-builder-row fusion-row \"><div  class=\"fusion-layout-column fusion_builder_column fusion_builder_column_1_1 fusion-builder-column-1 fusion-one-full fusion-column-first fusion-column-last 1_1\"  style='margin-top:0px;margin-bottom:20px;'>\n\t\t\t\t\t<div class=\"fusion-column-wrapper\" style=\"padding: 0px 0px 0px 0px;background-position:left top;background-repeat:no-repeat;-webkit-background-size:cover;-moz-background-size:cover;-o-background-size:cover;background-size:cover;\"   data-bg-url=\"\">\n\t\t\t\t\t\t<style type=\"text\/css\"><\/style><div class=\"fusion-title title fusion-title-1 fusion-title-center fusion-title-text fusion-title-size-one\" style=\"margin-top:0px;margin-bottom:0px;\"><div class=\"title-sep-container title-sep-container-left\"><div class=\"title-sep sep-single sep-solid\" style=\"border-color:#e0dede;\"><\/div><\/div><h1 class=\"title-heading-center\" style=\"margin:0;\"><p><img decoding=\"async\" loading=\"lazy\" class=\"size-full wp-image-1570 alignleft\" src=\"https:\/\/www.4lean.net\/de\/wp-content\/uploads\/sites\/10\/2017\/03\/logo_arm70x52.png\" alt=\"\" width=\"70\" height=\"52\" \/><\/p>\n<h2>LAGERHAUS<\/h2><\/h1><div class=\"title-sep-container title-sep-container-right\"><div class=\"title-sep sep-single sep-solid\" style=\"border-color:#e0dede;\"><\/div><\/div><\/div><div class=\"fusion-clearfix\"><\/div>\n\n\t\t\t\t\t<\/div>\n\t\t\t\t<\/div><div  class=\"fusion-layout-column fusion_builder_column fusion_builder_column_1_1 fusion-builder-column-2 fusion-one-full fusion-column-first fusion-column-last 1_1\"  style='margin-top:0px;margin-bottom:20px;'>\n\t\t\t\t\t<div class=\"fusion-column-wrapper\" style=\"padding: 0px 0px 0px 0px;background-position:left top;background-repeat:no-repeat;-webkit-background-size:cover;-moz-background-size:cover;-o-background-size:cover;background-size:cover;\"   data-bg-url=\"\">\n\t\t\t\t\t\t<div class=\"fusion-text\"><p>4Lean verf\u00fcgt in seinem Know-how \u00fcber die besten l\u00f6sungen f\u00fcr fabriklager oder vertriebszentren. Von der verbesserung der empfangs\u00a0 und versandprozesse bis zur lagerung von rohstoffen, komponenten oder produkten.<\/p>\n<\/div><div class=\"fusion-clearfix\"><\/div>\n\n\t\t\t\t\t<\/div>\n\t\t\t\t<\/div><\/div><\/div><div class=\"fusion-fullwidth fullwidth-box fusion-builder-row-2 hundred-percent-fullwidth non-hundred-percent-height-scrolling fusion-equal-height-columns\"  style='background-color: #ffffff;background-position: center center;background-repeat: no-repeat;padding-top:20px;padding-right:50px;padding-bottom:20px;padding-left:150px;border-top-width:1px;border-bottom-width:1px;border-color:#eae9e9;border-top-style:solid;border-bottom-style:solid;'><div class=\"fusion-builder-row fusion-row \"><div  class=\"fusion-layout-column fusion_builder_column fusion_builder_column_1_3 fusion-builder-column-3 fusion-one-third fusion-column-first 1_3\"  style='margin-top:0px;margin-bottom:20px;width:33.33%;width:calc(33.33% - ( ( 4% + 4% ) * 0.3333 ) );margin-right: 4%;'>\n\t\t\t\t\t<div class=\"fusion-column-wrapper\" style=\"padding: 0px 0px 0px 0px;background-position:left top;background-repeat:no-repeat;-webkit-background-size:cover;-moz-background-size:cover;-o-background-size:cover;background-size:cover;\"   data-bg-url=\"\">\n\t\t\t\t\t\t<div class=\"fusion-column-content-centered\"><div class=\"fusion-column-content\"><span class=\"fusion-imageframe imageframe-none imageframe-1 hover-type-none\"><img decoding=\"async\" loading=\"lazy\" src=\"https:\/\/www.4lean.net\/de\/wp-content\/uploads\/sites\/10\/2017\/03\/4Lean_14012014_06.jpg\" width=\"400\" height=\"410\" alt=\"With picking Tray In double deep pallet racks\" title=\"4Lean_14012014_06\" class=\"img-responsive wp-image-1571\" srcset=\"https:\/\/www.4lean.net\/de\/wp-content\/uploads\/sites\/10\/2017\/03\/4Lean_14012014_06-200x205.jpg 200w, https:\/\/www.4lean.net\/de\/wp-content\/uploads\/sites\/10\/2017\/03\/4Lean_14012014_06.jpg 400w\" sizes=\"(max-width: 850px) 100vw, 400px\" \/><\/span><div class=\"fusion-text\"><p><strong>With picking Tray<\/strong><br \/>\nIn double deep pallet racks<\/p>\n<\/div><\/div><\/div><div class=\"fusion-clearfix\"><\/div>\n\n\t\t\t\t\t<\/div>\n\t\t\t\t<\/div><div  class=\"fusion-layout-column fusion_builder_column fusion_builder_column_1_3 fusion-builder-column-4 fusion-one-third 1_3\"  style='margin-top:0px;margin-bottom:20px;width:33.33%;width:calc(33.33% - ( ( 4% + 4% ) * 0.3333 ) );margin-right: 4%;'>\n\t\t\t\t\t<div class=\"fusion-column-wrapper\" style=\"padding: 0px 0px 0px 0px;background-position:left top;background-repeat:no-repeat;-webkit-background-size:cover;-moz-background-size:cover;-o-background-size:cover;background-size:cover;\"   data-bg-url=\"\">\n\t\t\t\t\t\t<div class=\"fusion-column-content-centered\"><div class=\"fusion-column-content\"><span class=\"fusion-imageframe imageframe-none imageframe-2 hover-type-none\"><img decoding=\"async\" loading=\"lazy\" src=\"https:\/\/www.4lean.net\/de\/wp-content\/uploads\/sites\/10\/2017\/03\/4Lean_14012014_07.jpg\" width=\"211\" height=\"250\" alt=\"Straight flow shelves\" title=\"4Lean_14012014_07\" class=\"img-responsive wp-image-1572\" srcset=\"https:\/\/www.4lean.net\/de\/wp-content\/uploads\/sites\/10\/2017\/03\/4Lean_14012014_07-200x237.jpg 200w, https:\/\/www.4lean.net\/de\/wp-content\/uploads\/sites\/10\/2017\/03\/4Lean_14012014_07.jpg 211w\" sizes=\"(max-width: 850px) 100vw, 211px\" \/><\/span><div class=\"fusion-text\"><p>Straight flow shelves<\/p>\n<\/div><\/div><\/div><div class=\"fusion-clearfix\"><\/div>\n\n\t\t\t\t\t<\/div>\n\t\t\t\t<\/div><div  class=\"fusion-layout-column fusion_builder_column fusion_builder_column_1_3 fusion-builder-column-5 fusion-one-third fusion-column-last 1_3\"  style='margin-top:0px;margin-bottom:20px;width:33.33%;width:calc(33.33% - ( ( 4% + 4% ) * 0.3333 ) );'>\n\t\t\t\t\t<div class=\"fusion-column-wrapper\" style=\"padding: 0px 0px 0px 0px;background-position:left top;background-repeat:no-repeat;-webkit-background-size:cover;-moz-background-size:cover;-o-background-size:cover;background-size:cover;\"   data-bg-url=\"\">\n\t\t\t\t\t\t<div class=\"fusion-column-content-centered\"><div class=\"fusion-column-content\"><span class=\"fusion-imageframe imageframe-none imageframe-3 hover-type-none\"><img decoding=\"async\" loading=\"lazy\" src=\"https:\/\/www.4lean.net\/de\/wp-content\/uploads\/sites\/10\/2017\/03\/4Lean_14012014_08.jpg\" width=\"202\" height=\"250\" alt=\"With picking tray\" title=\"4Lean_14012014_08\" class=\"img-responsive wp-image-1573\" srcset=\"https:\/\/www.4lean.net\/de\/wp-content\/uploads\/sites\/10\/2017\/03\/4Lean_14012014_08-200x248.jpg 200w, https:\/\/www.4lean.net\/de\/wp-content\/uploads\/sites\/10\/2017\/03\/4Lean_14012014_08.jpg 202w\" sizes=\"(max-width: 850px) 100vw, 202px\" \/><\/span><div class=\"fusion-text\"><p>Straight flow shelves<\/p>\n<\/div><\/div><\/div><div class=\"fusion-clearfix\"><\/div>\n\n\t\t\t\t\t<\/div>\n\t\t\t\t<\/div><\/div><\/div><\/p>\n","protected":false},"excerpt":{"rendered":"","protected":false},"author":1,"featured_media":0,"parent":0,"menu_order":0,"comment_status":"closed","ping_status":"closed","template":"","meta":[],"yoast_head":"<!-- This site is optimized with the Yoast SEO plugin v20.2 - https:\/\/yoast.com\/wordpress\/plugins\/seo\/ -->\n<title>4Lean Warehouse Know-how and Solutions - www.4lean.net\/de<\/title>\n<meta name=\"description\" content=\"WAREHOUSE 4Lean have in their know-how the best solutions for factory warehouses or distribution centers. From improvements in the processes of reception an\" \/>\n<meta name=\"robots\" content=\"noindex, follow, max-snippet:-1, max-image-preview:large, max-video-preview:-1\" \/>\n<meta property=\"og:locale\" content=\"de_DE\" \/>\n<meta property=\"og:type\" content=\"article\" \/>\n<meta property=\"og:title\" content=\"4Lean Warehouse Know-how and Solutions - www.4lean.net\/de\" \/>\n<meta property=\"og:description\" content=\"WAREHOUSE 4Lean have in their know-how the best solutions for factory warehouses or distribution centers. From improvements in the processes of reception an\" \/>\n<meta property=\"og:url\" content=\"https:\/\/www.4lean.net\/de\/warehouse\/\" \/>\n<meta property=\"og:site_name\" content=\"4 Lean _DE\" \/>\n<meta property=\"article:modified_time\" content=\"2020-02-20T09:13:29+00:00\" \/>\n<meta property=\"og:image\" content=\"https:\/\/www.4lean.net\/de\/wp-content\/uploads\/sites\/10\/2017\/03\/logo_arm70x52.png\" \/>\n<meta name=\"twitter:card\" content=\"summary_large_image\" \/>\n<meta name=\"twitter:label1\" content=\"Gesch\u00e4tzte Lesezeit\" \/>\n\t<meta name=\"twitter:data1\" content=\"4\u00a0Minuten\" \/>\n<script type=\"application\/ld+json\" class=\"yoast-schema-graph\">{\"@context\":\"https:\/\/schema.org\",\"@graph\":[{\"@type\":\"WebPage\",\"@id\":\"https:\/\/www.4lean.net\/de\/warehouse\/\",\"url\":\"https:\/\/www.4lean.net\/de\/warehouse\/\",\"name\":\"4Lean Warehouse Know-how and Solutions - www.4lean.net\/de\",\"isPartOf\":{\"@id\":\"https:\/\/www.4lean.net\/de\/#website\"},\"datePublished\":\"2017-03-08T21:03:49+00:00\",\"dateModified\":\"2020-02-20T09:13:29+00:00\",\"description\":\"WAREHOUSE 4Lean have in their know-how the best solutions for factory warehouses or distribution centers. From improvements in the processes of reception an\",\"breadcrumb\":{\"@id\":\"https:\/\/www.4lean.net\/de\/warehouse\/#breadcrumb\"},\"inLanguage\":\"de\",\"potentialAction\":[{\"@type\":\"ReadAction\",\"target\":[\"https:\/\/www.4lean.net\/de\/warehouse\/\"]}]},{\"@type\":\"BreadcrumbList\",\"@id\":\"https:\/\/www.4lean.net\/de\/warehouse\/#breadcrumb\",\"itemListElement\":[{\"@type\":\"ListItem\",\"position\":1,\"name\":\"Home\",\"item\":\"https:\/\/www.4lean.net\/de\/\"},{\"@type\":\"ListItem\",\"position\":2,\"name\":\"Lagerhaus\"}]},{\"@type\":\"WebSite\",\"@id\":\"https:\/\/www.4lean.net\/de\/#website\",\"url\":\"https:\/\/www.4lean.net\/de\/\",\"name\":\"4 Lean _DE\",\"description\":\"Lean Solutions\",\"potentialAction\":[{\"@type\":\"SearchAction\",\"target\":{\"@type\":\"EntryPoint\",\"urlTemplate\":\"https:\/\/www.4lean.net\/de\/?s={search_term_string}\"},\"query-input\":\"required name=search_term_string\"}],\"inLanguage\":\"de\"}]}<\/script>\n<!-- \/ Yoast SEO plugin. -->","yoast_head_json":{"title":"4Lean Warehouse Know-how and Solutions - www.4lean.net\/de","description":"WAREHOUSE 4Lean have in their know-how the best solutions for factory warehouses or distribution centers. From improvements in the processes of reception an","robots":{"index":"noindex","follow":"follow","max-snippet":"max-snippet:-1","max-image-preview":"max-image-preview:large","max-video-preview":"max-video-preview:-1"},"og_locale":"de_DE","og_type":"article","og_title":"4Lean Warehouse Know-how and Solutions - www.4lean.net\/de","og_description":"WAREHOUSE 4Lean have in their know-how the best solutions for factory warehouses or distribution centers. From improvements in the processes of reception an","og_url":"https:\/\/www.4lean.net\/de\/warehouse\/","og_site_name":"4 Lean _DE","article_modified_time":"2020-02-20T09:13:29+00:00","og_image":[{"url":"https:\/\/www.4lean.net\/de\/wp-content\/uploads\/sites\/10\/2017\/03\/logo_arm70x52.png"}],"twitter_card":"summary_large_image","twitter_misc":{"Gesch\u00e4tzte Lesezeit":"4\u00a0Minuten"},"schema":{"@context":"https:\/\/schema.org","@graph":[{"@type":"WebPage","@id":"https:\/\/www.4lean.net\/de\/warehouse\/","url":"https:\/\/www.4lean.net\/de\/warehouse\/","name":"4Lean Warehouse Know-how and Solutions - www.4lean.net\/de","isPartOf":{"@id":"https:\/\/www.4lean.net\/de\/#website"},"datePublished":"2017-03-08T21:03:49+00:00","dateModified":"2020-02-20T09:13:29+00:00","description":"WAREHOUSE 4Lean have in their know-how the best solutions for factory warehouses or distribution centers. From improvements in the processes of reception an","breadcrumb":{"@id":"https:\/\/www.4lean.net\/de\/warehouse\/#breadcrumb"},"inLanguage":"de","potentialAction":[{"@type":"ReadAction","target":["https:\/\/www.4lean.net\/de\/warehouse\/"]}]},{"@type":"BreadcrumbList","@id":"https:\/\/www.4lean.net\/de\/warehouse\/#breadcrumb","itemListElement":[{"@type":"ListItem","position":1,"name":"Home","item":"https:\/\/www.4lean.net\/de\/"},{"@type":"ListItem","position":2,"name":"Lagerhaus"}]},{"@type":"WebSite","@id":"https:\/\/www.4lean.net\/de\/#website","url":"https:\/\/www.4lean.net\/de\/","name":"4 Lean _DE","description":"Lean Solutions","potentialAction":[{"@type":"SearchAction","target":{"@type":"EntryPoint","urlTemplate":"https:\/\/www.4lean.net\/de\/?s={search_term_string}"},"query-input":"required name=search_term_string"}],"inLanguage":"de"}]}},"_links":{"self":[{"href":"https:\/\/www.4lean.net\/de\/wp-json\/wp\/v2\/pages\/1569"}],"collection":[{"href":"https:\/\/www.4lean.net\/de\/wp-json\/wp\/v2\/pages"}],"about":[{"href":"https:\/\/www.4lean.net\/de\/wp-json\/wp\/v2\/types\/page"}],"author":[{"embeddable":true,"href":"https:\/\/www.4lean.net\/de\/wp-json\/wp\/v2\/users\/1"}],"replies":[{"embeddable":true,"href":"https:\/\/www.4lean.net\/de\/wp-json\/wp\/v2\/comments?post=1569"}],"version-history":[{"count":10,"href":"https:\/\/www.4lean.net\/de\/wp-json\/wp\/v2\/pages\/1569\/revisions"}],"predecessor-version":[{"id":2934,"href":"https:\/\/www.4lean.net\/de\/wp-json\/wp\/v2\/pages\/1569\/revisions\/2934"}],"wp:attachment":[{"href":"https:\/\/www.4lean.net\/de\/wp-json\/wp\/v2\/media?parent=1569"}],"curies":[{"name":"wp","href":"https:\/\/api.w.org\/{rel}","templated":true}]}}