{"id":1023,"date":"2017-02-24T12:15:13","date_gmt":"2017-02-24T12:15:13","guid":{"rendered":"https:\/\/www.4lean.net\/de\/?page_id=1023"},"modified":"2023-05-16T20:04:35","modified_gmt":"2023-05-16T19:04:35","slug":"company-4lean","status":"publish","type":"page","link":"https:\/\/www.4lean.net\/de\/company-4lean\/","title":{"rendered":"\u00dcber Uns"},"content":{"rendered":"<div class=\"fusion-fullwidth fullwidth-box fusion-builder-row-1 nonhundred-percent-fullwidth non-hundred-percent-height-scrolling\"  style='background-color: rgba(255,255,255,0);background-position: left top;background-repeat: no-repeat;padding-right:0px;padding-left:0px;border-top-width:0px;border-bottom-width:0px;border-color:#eae9e9;border-top-style:solid;border-bottom-style:solid;'><div class=\"fusion-builder-row fusion-row \"><div  class=\"fusion-layout-column fusion_builder_column fusion_builder_column_1_1 fusion-builder-column-1 fusion-one-full fusion-column-first fusion-column-last fusion-column-no-min-height 1_1\"  style='margin-top:0px;margin-bottom:0px;'>\n\t\t\t\t\t<div class=\"fusion-column-wrapper\" style=\"padding: 0px 0px 0px 0px;background-position:left top;background-repeat:no-repeat;-webkit-background-size:cover;-moz-background-size:cover;-o-background-size:cover;background-size:cover;\"   data-bg-url=\"\">\n\t\t\t\t\t\t<div class=\"fusion-sep-clear\"><\/div><div class=\"fusion-separator fusion-full-width-sep sep-single sep-solid\" style=\"border-color:#ff0000;border-top-width:5px;margin-left: auto;margin-right: auto;margin-top:;\"><\/div><div class=\"fusion-clearfix\"><\/div>\n\n\t\t\t\t\t<\/div>\n\t\t\t\t<\/div><div  class=\"fusion-layout-column fusion_builder_column fusion_builder_column_1_1 fusion-builder-column-2 fusion-one-full fusion-column-first fusion-column-last green-border rounded-border 1_1\"  style='margin-top:0px;margin-bottom:20px;'>\n\t\t\t\t\t<div class=\"fusion-column-wrapper\" style=\"background-color:#ffffff;border:1px solid #e2e2e2;padding: 60px 60px 50px 60px;background-position:left top;background-repeat:no-repeat;-webkit-background-size:cover;-moz-background-size:cover;-o-background-size:cover;background-size:cover;\"   data-bg-url=\"\">\n\t\t\t\t\t\t<div class=\"fusion-text\"><h3 style=\"text-align: left; margin-top: 0px;\">4 Lean Unser Unternehmen<\/h3>\n<p id=\"tw-target-text\" class=\"tw-data-text tw-text-large tw-ta\" dir=\"ltr\"><span lang=\"de\">4Lean ist ein Unternehmen, das sich auf die entwicklung und implementierung von Lean L\u00f6sungen f\u00fcr arbeitspl\u00e4tze,\u00a0logistikwagen, superm\u00e4rkte, lagerhouse,\u00a0\u00e4u\u00dfere logistic und Lean management.<\/span><\/p>\n<p style=\"text-align: left;\">Unsere Catalog hat verschiedene produktfamilien wie materialhandhabung, visual management, Lean l\u00f6sungen und workshops.<\/p>\n<p>Die materialf\u00f6rdersysteme sind flexibel, wiederverwendbar und haben ein breites anwendungsspektrum wie wagen, arbeitspl\u00e4tze und superm\u00e4rkte. Sie sind einfach zu montieren und k\u00f6nnen an die bed\u00fcrfnisse des kunden angepasst werden. Dies erm\u00f6glicht die erh\u00f6hungen der Produktivit\u00e4t und Ergonomie in der werkstatt, deren anwendungsgrenzen Ihre kreativit\u00e4t sind.<\/p>\n<p style=\"text-align: left;\">Visual management\u00a0erm\u00f6glicht eine bessere organisation und methode auf grafische und intuitive Weise.<\/p>\n<p style=\"text-align: left;\">4Lean entwickelt auch simulationen, zugeschnitten auf die bed\u00fcrfnisse jedes Kunden, damit k\u00f6nnen mitarbeiter schulen und formen und.<\/p>\n<p style=\"text-align: left;\">4Lean workshops werden durchgef\u00fchrt, um kunden das verst\u00e4ndnis des Lean konzepts und der 4Lean-Systeme.<\/p>\n<p style=\"text-align: left;\"><img decoding=\"async\" loading=\"lazy\" class=\"aligncenter wp-image-1020 size-full\" title=\"4Lean\" src=\"https:\/\/www.4lean.net\/de\/wp-content\/uploads\/sites\/10\/2015\/02\/4Lean_Storage-2.jpg\" alt=\"4Lean _Storage\" width=\"1200\" height=\"372\" srcset=\"https:\/\/www.4lean.net\/de\/wp-content\/uploads\/sites\/10\/2015\/02\/4Lean_Storage-2-200x62.jpg 200w, https:\/\/www.4lean.net\/de\/wp-content\/uploads\/sites\/10\/2015\/02\/4Lean_Storage-2-300x93.jpg 300w, https:\/\/www.4lean.net\/de\/wp-content\/uploads\/sites\/10\/2015\/02\/4Lean_Storage-2-400x124.jpg 400w, https:\/\/www.4lean.net\/de\/wp-content\/uploads\/sites\/10\/2015\/02\/4Lean_Storage-2-600x186.jpg 600w, https:\/\/www.4lean.net\/de\/wp-content\/uploads\/sites\/10\/2015\/02\/4Lean_Storage-2-768x238.jpg 768w, https:\/\/www.4lean.net\/de\/wp-content\/uploads\/sites\/10\/2015\/02\/4Lean_Storage-2-800x248.jpg 800w, https:\/\/www.4lean.net\/de\/wp-content\/uploads\/sites\/10\/2015\/02\/4Lean_Storage-2-1024x317.jpg 1024w, https:\/\/www.4lean.net\/de\/wp-content\/uploads\/sites\/10\/2015\/02\/4Lean_Storage-2.jpg 1200w\" sizes=\"(max-width: 1200px) 100vw, 1200px\" \/><\/p>\n<\/div><div class=\"fusion-sep-clear\"><\/div><div class=\"fusion-separator fusion-full-width-sep sep-none\" style=\"margin-left: auto;margin-right: auto;margin-top:20px;\"><\/div><div class=\"fusion-video fusion-youtube fusion-aligncenter\" style=\"max-width:600px;max-height:360px; width:100%\"><div class=\"video-shortcode\"><iframe title=\"YouTube video player\" src=\"https:\/\/www.youtube.com\/embed\/QfNMSEf_1kk?wmode=transparent&autoplay=0\" width=\"600\" height=\"360\" allowfullscreen allow=\"autoplay; fullscreen\"><\/iframe><\/div><\/div><div class=\"fusion-clearfix\"><\/div>\n\n\t\t\t\t\t<\/div>\n\t\t\t\t<\/div><\/div><\/div>\n","protected":false},"excerpt":{"rendered":"","protected":false},"author":1,"featured_media":0,"parent":0,"menu_order":0,"comment_status":"closed","ping_status":"closed","template":"","meta":[],"yoast_head":"<!-- This site is optimized with the Yoast SEO plugin v20.2 - https:\/\/yoast.com\/wordpress\/plugins\/seo\/ -->\n<title>4 Lean Company - Lean Solutions - www.4lean.net\/de<\/title>\n<meta name=\"description\" content=\"4Lean is dedicated to the creation\/ implementation of Lean solutions &gt; workstations, logistics trains, supermarkets, warehouses, ext. logistics, Lean...\" \/>\n<meta name=\"robots\" content=\"noindex, follow, max-snippet:-1, max-image-preview:large, max-video-preview:-1\" \/>\n<meta property=\"og:locale\" content=\"de_DE\" \/>\n<meta property=\"og:type\" content=\"article\" \/>\n<meta property=\"og:title\" content=\"4 Lean Company - Lean Solutions - www.4lean.net\/de\" \/>\n<meta property=\"og:description\" content=\"4Lean is dedicated to the creation\/ implementation of Lean solutions &gt; workstations, logistics trains, supermarkets, warehouses, ext. logistics, Lean...\" \/>\n<meta property=\"og:url\" content=\"https:\/\/www.4lean.net\/de\/company-4lean\/\" \/>\n<meta property=\"og:site_name\" content=\"4 Lean _DE\" \/>\n<meta property=\"article:modified_time\" content=\"2023-05-16T19:04:35+00:00\" \/>\n<meta property=\"og:image\" content=\"https:\/\/www.4lean.net\/de\/wp-content\/uploads\/sites\/10\/2015\/02\/4Lean_Storage-2.jpg\" \/>\n<meta name=\"twitter:card\" content=\"summary_large_image\" \/>\n<meta name=\"twitter:label1\" content=\"Gesch\u00e4tzte Lesezeit\" \/>\n\t<meta name=\"twitter:data1\" content=\"2\u00a0Minuten\" \/>\n<script type=\"application\/ld+json\" class=\"yoast-schema-graph\">{\"@context\":\"https:\/\/schema.org\",\"@graph\":[{\"@type\":\"WebPage\",\"@id\":\"https:\/\/www.4lean.net\/de\/company-4lean\/\",\"url\":\"https:\/\/www.4lean.net\/de\/company-4lean\/\",\"name\":\"4 Lean Company - Lean Solutions - www.4lean.net\/de\",\"isPartOf\":{\"@id\":\"https:\/\/www.4lean.net\/de\/#website\"},\"datePublished\":\"2017-02-24T12:15:13+00:00\",\"dateModified\":\"2023-05-16T19:04:35+00:00\",\"description\":\"4Lean is dedicated to the creation\/ implementation of Lean solutions > workstations, logistics trains, supermarkets, warehouses, ext. logistics, Lean...\",\"breadcrumb\":{\"@id\":\"https:\/\/www.4lean.net\/de\/company-4lean\/#breadcrumb\"},\"inLanguage\":\"de\",\"potentialAction\":[{\"@type\":\"ReadAction\",\"target\":[\"https:\/\/www.4lean.net\/de\/company-4lean\/\"]}]},{\"@type\":\"BreadcrumbList\",\"@id\":\"https:\/\/www.4lean.net\/de\/company-4lean\/#breadcrumb\",\"itemListElement\":[{\"@type\":\"ListItem\",\"position\":1,\"name\":\"Home\",\"item\":\"https:\/\/www.4lean.net\/de\/\"},{\"@type\":\"ListItem\",\"position\":2,\"name\":\"\u00dcber Uns\"}]},{\"@type\":\"WebSite\",\"@id\":\"https:\/\/www.4lean.net\/de\/#website\",\"url\":\"https:\/\/www.4lean.net\/de\/\",\"name\":\"4 Lean _DE\",\"description\":\"Lean Solutions\",\"potentialAction\":[{\"@type\":\"SearchAction\",\"target\":{\"@type\":\"EntryPoint\",\"urlTemplate\":\"https:\/\/www.4lean.net\/de\/?s={search_term_string}\"},\"query-input\":\"required name=search_term_string\"}],\"inLanguage\":\"de\"}]}<\/script>\n<!-- \/ Yoast SEO plugin. -->","yoast_head_json":{"title":"4 Lean Company - Lean Solutions - www.4lean.net\/de","description":"4Lean is dedicated to the creation\/ implementation of Lean solutions > workstations, logistics trains, supermarkets, warehouses, ext. logistics, Lean...","robots":{"index":"noindex","follow":"follow","max-snippet":"max-snippet:-1","max-image-preview":"max-image-preview:large","max-video-preview":"max-video-preview:-1"},"og_locale":"de_DE","og_type":"article","og_title":"4 Lean Company - Lean Solutions - www.4lean.net\/de","og_description":"4Lean is dedicated to the creation\/ implementation of Lean solutions > workstations, logistics trains, supermarkets, warehouses, ext. logistics, Lean...","og_url":"https:\/\/www.4lean.net\/de\/company-4lean\/","og_site_name":"4 Lean _DE","article_modified_time":"2023-05-16T19:04:35+00:00","og_image":[{"url":"https:\/\/www.4lean.net\/de\/wp-content\/uploads\/sites\/10\/2015\/02\/4Lean_Storage-2.jpg"}],"twitter_card":"summary_large_image","twitter_misc":{"Gesch\u00e4tzte Lesezeit":"2\u00a0Minuten"},"schema":{"@context":"https:\/\/schema.org","@graph":[{"@type":"WebPage","@id":"https:\/\/www.4lean.net\/de\/company-4lean\/","url":"https:\/\/www.4lean.net\/de\/company-4lean\/","name":"4 Lean Company - Lean Solutions - www.4lean.net\/de","isPartOf":{"@id":"https:\/\/www.4lean.net\/de\/#website"},"datePublished":"2017-02-24T12:15:13+00:00","dateModified":"2023-05-16T19:04:35+00:00","description":"4Lean is dedicated to the creation\/ implementation of Lean solutions > workstations, logistics trains, supermarkets, warehouses, ext. logistics, Lean...","breadcrumb":{"@id":"https:\/\/www.4lean.net\/de\/company-4lean\/#breadcrumb"},"inLanguage":"de","potentialAction":[{"@type":"ReadAction","target":["https:\/\/www.4lean.net\/de\/company-4lean\/"]}]},{"@type":"BreadcrumbList","@id":"https:\/\/www.4lean.net\/de\/company-4lean\/#breadcrumb","itemListElement":[{"@type":"ListItem","position":1,"name":"Home","item":"https:\/\/www.4lean.net\/de\/"},{"@type":"ListItem","position":2,"name":"\u00dcber Uns"}]},{"@type":"WebSite","@id":"https:\/\/www.4lean.net\/de\/#website","url":"https:\/\/www.4lean.net\/de\/","name":"4 Lean _DE","description":"Lean Solutions","potentialAction":[{"@type":"SearchAction","target":{"@type":"EntryPoint","urlTemplate":"https:\/\/www.4lean.net\/de\/?s={search_term_string}"},"query-input":"required name=search_term_string"}],"inLanguage":"de"}]}},"_links":{"self":[{"href":"https:\/\/www.4lean.net\/de\/wp-json\/wp\/v2\/pages\/1023"}],"collection":[{"href":"https:\/\/www.4lean.net\/de\/wp-json\/wp\/v2\/pages"}],"about":[{"href":"https:\/\/www.4lean.net\/de\/wp-json\/wp\/v2\/types\/page"}],"author":[{"embeddable":true,"href":"https:\/\/www.4lean.net\/de\/wp-json\/wp\/v2\/users\/1"}],"replies":[{"embeddable":true,"href":"https:\/\/www.4lean.net\/de\/wp-json\/wp\/v2\/comments?post=1023"}],"version-history":[{"count":12,"href":"https:\/\/www.4lean.net\/de\/wp-json\/wp\/v2\/pages\/1023\/revisions"}],"predecessor-version":[{"id":3101,"href":"https:\/\/www.4lean.net\/de\/wp-json\/wp\/v2\/pages\/1023\/revisions\/3101"}],"wp:attachment":[{"href":"https:\/\/www.4lean.net\/de\/wp-json\/wp\/v2\/media?parent=1023"}],"curies":[{"name":"wp","href":"https:\/\/api.w.org\/{rel}","templated":true}]}}